{"id":3337,"date":"2024-05-28T08:45:13","date_gmt":"2024-05-28T06:45:13","guid":{"rendered":"https:\/\/swissvacuum.com\/produit\/famiglia-idp\/"},"modified":"2025-06-05T10:05:45","modified_gmt":"2025-06-05T08:05:45","slug":"famiglia-idp","status":"publish","type":"product","link":"https:\/\/swissvacuum.com\/it\/produit\/famiglia-idp\/","title":{"rendered":"Famiglia IDP"},"content":{"rendered":"","protected":false},"excerpt":{"rendered":"<p>Scarica la brochure del prodotto <span style=\"color: #0d70b3;\"><a style=\"color: #0d70b3;\" href=\"https:\/\/swissvacuum.com\/wp-content\/uploads\/2024\/06\/AGILENT_IDP-Dry-Scroll-Pump-Family.pdf\" target=\"_blank\" rel=\"noopener\">Brochure del prodotto (PDF)<\/a><\/span><\/p>\n<p>Scarica la brochure <a href=\"https:\/\/swissvacuum.com\/wp-content\/uploads\/2025\/03\/fl-idp-35-idp-45-dry-scroll-pump-5994-7960en-agilent.pdf\">Nuovo opuscolo IDP 35\/45<\/a><\/p>\n<p>Famiglia di pompe a secco scroll IDP Agilent.<\/p>\n<p>Prima che un prodotto possa guadagnarsi il nome di Agilent, deve essere all&#8217;altezza dei nostri standard di qualit\u00e0 e prestazioni senza compromessi. Ecco perch\u00e9, quando abbiamo deciso di rendere le nostre soluzioni per il vuoto ancora pi\u00f9 affidabili, ci siamo presi il tempo necessario per farlo bene.<\/p>\n<p>Abbiamo osservato e ascoltato&#8230; esaminando le sfide del flusso di lavoro e attingendo a una profonda esperienza tecnica. In ogni fase del processo, i tuoi obiettivi sono diventati i nostri: ridurre al minimo i tempi di inattivit\u00e0, mantenere un ambiente di lavoro sicuro e creare il percorso di aspirazione pi\u00f9 pulito e asciutto.<\/p>\n<p>&nbsp;<\/p>\n<p>Videos:<\/p>\n<ul>\n<li><u><a id=\"OWAdb73069c-6da5-46d5-541f-6224b68ad4bb\" class=\"OWAAutoLink\" href=\"https:\/\/www.agilent.com\/en\/video\/idp-35-45-dry-scroll-pumps-overview\" data-auth=\"NotApplicable\" data-olk-copy-source=\"MailCompose\">Agilent IDP-35 and IDP-45 Dry Scroll Pumps: Advanced technology for higher-capacity vacuum applications<\/a><\/u><\/li>\n<li><u><a id=\"OWA6c7e56fc-8c56-3e92-adc2-92125dcbd17d\" class=\"OWAAutoLink\" href=\"https:\/\/www.agilent.com\/en\/products\/vacuum-technologies\/primary-medium-vacuum-pumps\/dry-scroll-pumps\/idp-dry-scroll-pumps\/inlet-isolation-valve\" data-auth=\"NotApplicable\" data-olk-copy-source=\"MailCompose\">Agilent IDP Dry Scroll Pump &#8211; Inlet Isolation Valve<\/a><\/u><\/li>\n<li><u><a id=\"OWA4af3ab5c-36c9-e9cc-475c-852915d81fdb\" class=\"OWAAutoLink\" href=\"https:\/\/www.agilent.com\/en\/products\/gas-chromatography\/gc-supplies\/gc-ms-supplies\/idp-oil-free-vacuum-pumps\/step-up-to-agilent-oil-free-pumps\" data-auth=\"NotApplicable\" data-olk-copy-source=\"MailCompose\">Step up to Agilent oil-free pumps<\/a><\/u><\/li>\n<\/ul>\n","protected":false},"featured_media":2610,"comment_status":"open","ping_status":"closed","template":"","meta":[],"product_brand":[],"product_cat":[190,223],"product_tag":[],"class_list":{"0":"post-3337","1":"product","2":"type-product","3":"status-publish","4":"has-post-thumbnail","6":"product_cat-divisione-vuoto","7":"product_cat-pompe-dry-scroll","8":"has-thumb","10":"first","11":"instock","12":"shipping-taxable","13":"product-type-simple"},"_links":{"self":[{"href":"https:\/\/swissvacuum.com\/it\/wp-json\/wp\/v2\/product\/3337","targetHints":{"allow":["GET"]}}],"collection":[{"href":"https:\/\/swissvacuum.com\/it\/wp-json\/wp\/v2\/product"}],"about":[{"href":"https:\/\/swissvacuum.com\/it\/wp-json\/wp\/v2\/types\/product"}],"replies":[{"embeddable":true,"href":"https:\/\/swissvacuum.com\/it\/wp-json\/wp\/v2\/comments?post=3337"}],"wp:featuredmedia":[{"embeddable":true,"href":"https:\/\/swissvacuum.com\/it\/wp-json\/wp\/v2\/media\/2610"}],"wp:attachment":[{"href":"https:\/\/swissvacuum.com\/it\/wp-json\/wp\/v2\/media?parent=3337"}],"wp:term":[{"taxonomy":"product_brand","embeddable":true,"href":"https:\/\/swissvacuum.com\/it\/wp-json\/wp\/v2\/product_brand?post=3337"},{"taxonomy":"product_cat","embeddable":true,"href":"https:\/\/swissvacuum.com\/it\/wp-json\/wp\/v2\/product_cat?post=3337"},{"taxonomy":"product_tag","embeddable":true,"href":"https:\/\/swissvacuum.com\/it\/wp-json\/wp\/v2\/product_tag?post=3337"}],"curies":[{"name":"wp","href":"https:\/\/api.w.org\/{rel}","templated":true}]}}