{"id":3269,"date":"2024-05-28T09:49:36","date_gmt":"2024-05-28T07:49:36","guid":{"rendered":"https:\/\/swissvacuum.com\/produit\/camere-mobili-modulari\/"},"modified":"2024-05-28T09:49:36","modified_gmt":"2024-05-28T07:49:36","slug":"camere-mobili-modulari","status":"publish","type":"product","link":"https:\/\/swissvacuum.com\/it\/produit\/camere-mobili-modulari\/","title":{"rendered":"Camere mobili modulari"},"content":{"rendered":"","protected":false},"excerpt":{"rendered":"<p>Scarica la brochure del prodotto <span style=\"color: #0d70b3;\"><a style=\"color: #0d70b3;\" href=\"https:\/\/swissvacuum.com\/wp-content\/uploads\/2024\/06\/9_Modular-Walk-in-Chambers.pdf\" target=\"_blank\" rel=\"noopener\">Brochure del prodotto (PDF)<\/a><\/span><\/p>\n<p>ACS \u00e8 orgogliosa di annunciare l&#8217;ultima versione delle sue camere modulari standard. Oltre alle note caratteristiche principali &#8211; modularit\u00e0, flessibilit\u00e0, facilit\u00e0 di assemblaggio &#8211; queste camere sono ora dotate del nuovo sistema di controllo all&#8217;avanguardia MyKratos\u2122, che consente di gestire, monitorare e supportare la camera da dispositivi mobili e desktop utilizzando connessioni Wi-Fi, Ethernet o di rete mobile. Questa gamma di camere \u00e8 offerta nelle versioni termostatica (solo temperatura) e climatica (temperatura e umidit\u00e0).<\/p>\n","protected":false},"featured_media":2649,"comment_status":"open","ping_status":"closed","template":"","meta":[],"product_brand":[],"product_cat":[163,155],"product_tag":[],"class_list":{"0":"post-3269","1":"product","2":"type-product","3":"status-publish","4":"has-post-thumbnail","6":"product_cat-camere-mobili-modulari","7":"product_cat-divisione-test","8":"has-thumb","10":"first","11":"instock","12":"shipping-taxable","13":"product-type-simple"},"_links":{"self":[{"href":"https:\/\/swissvacuum.com\/it\/wp-json\/wp\/v2\/product\/3269","targetHints":{"allow":["GET"]}}],"collection":[{"href":"https:\/\/swissvacuum.com\/it\/wp-json\/wp\/v2\/product"}],"about":[{"href":"https:\/\/swissvacuum.com\/it\/wp-json\/wp\/v2\/types\/product"}],"replies":[{"embeddable":true,"href":"https:\/\/swissvacuum.com\/it\/wp-json\/wp\/v2\/comments?post=3269"}],"wp:featuredmedia":[{"embeddable":true,"href":"https:\/\/swissvacuum.com\/it\/wp-json\/wp\/v2\/media\/2649"}],"wp:attachment":[{"href":"https:\/\/swissvacuum.com\/it\/wp-json\/wp\/v2\/media?parent=3269"}],"wp:term":[{"taxonomy":"product_brand","embeddable":true,"href":"https:\/\/swissvacuum.com\/it\/wp-json\/wp\/v2\/product_brand?post=3269"},{"taxonomy":"product_cat","embeddable":true,"href":"https:\/\/swissvacuum.com\/it\/wp-json\/wp\/v2\/product_cat?post=3269"},{"taxonomy":"product_tag","embeddable":true,"href":"https:\/\/swissvacuum.com\/it\/wp-json\/wp\/v2\/product_tag?post=3269"}],"curies":[{"name":"wp","href":"https:\/\/api.w.org\/{rel}","templated":true}]}}