{"id":3259,"date":"2024-05-28T09:52:52","date_gmt":"2024-05-28T07:52:52","guid":{"rendered":"https:\/\/swissvacuum.com\/produit\/camere-per-test-di-stabilita\/"},"modified":"2025-06-12T15:02:06","modified_gmt":"2025-06-12T13:02:06","slug":"camere-per-test-di-stabilita","status":"publish","type":"product","link":"https:\/\/swissvacuum.com\/it\/produit\/camere-per-test-di-stabilita\/","title":{"rendered":"Camere per test di stabilit\u00e0"},"content":{"rendered":"","protected":false},"excerpt":{"rendered":"<p>Test di stabilit\u00e0 dei farmaci (eseguiti per studi di stabilit\u00e0 secondo le linee guida ICH), test di stabilit\u00e0 dei cosmetici, test sulla durata di conservazione degli alimenti, test di invecchiamento dei componenti elettronici, test di stabilit\u00e0 dei materiali di imballaggio.<\/p>\n<p>&nbsp;<\/p>\n<p>Scarica la brochure del prodotto <span style=\"color: #0d70b3;\"><a style=\"color: #0d70b3;\" href=\"https:\/\/swissvacuum.com\/wp-content\/uploads\/2025\/06\/Climate-Chamber-HHS-256-506-756-2025.05.07.pdf\" target=\"_blank\" rel=\"noopener\">Brochure dei prodotti (PDF)<\/a><\/span><\/p>\n<p>&nbsp;<\/p>\n","protected":false},"featured_media":4505,"comment_status":"open","ping_status":"closed","template":"","meta":[],"product_brand":[],"product_cat":[151,100],"product_tag":[],"class_list":{"0":"post-3259","1":"product","2":"type-product","3":"status-publish","4":"has-post-thumbnail","6":"product_cat-camere-per-test-di-stabilita","7":"product_cat-divisione-scienze-della-vita","8":"has-thumb","10":"first","11":"instock","12":"shipping-taxable","13":"product-type-simple"},"_links":{"self":[{"href":"https:\/\/swissvacuum.com\/it\/wp-json\/wp\/v2\/product\/3259","targetHints":{"allow":["GET"]}}],"collection":[{"href":"https:\/\/swissvacuum.com\/it\/wp-json\/wp\/v2\/product"}],"about":[{"href":"https:\/\/swissvacuum.com\/it\/wp-json\/wp\/v2\/types\/product"}],"replies":[{"embeddable":true,"href":"https:\/\/swissvacuum.com\/it\/wp-json\/wp\/v2\/comments?post=3259"}],"wp:featuredmedia":[{"embeddable":true,"href":"https:\/\/swissvacuum.com\/it\/wp-json\/wp\/v2\/media\/4505"}],"wp:attachment":[{"href":"https:\/\/swissvacuum.com\/it\/wp-json\/wp\/v2\/media?parent=3259"}],"wp:term":[{"taxonomy":"product_brand","embeddable":true,"href":"https:\/\/swissvacuum.com\/it\/wp-json\/wp\/v2\/product_brand?post=3259"},{"taxonomy":"product_cat","embeddable":true,"href":"https:\/\/swissvacuum.com\/it\/wp-json\/wp\/v2\/product_cat?post=3259"},{"taxonomy":"product_tag","embeddable":true,"href":"https:\/\/swissvacuum.com\/it\/wp-json\/wp\/v2\/product_tag?post=3259"}],"curies":[{"name":"wp","href":"https:\/\/api.w.org\/{rel}","templated":true}]}}