{"id":3230,"date":"2024-05-28T09:58:09","date_gmt":"2024-05-28T07:58:09","guid":{"rendered":"https:\/\/swissvacuum.com\/produit\/lyo-alpha\/"},"modified":"2024-05-28T09:58:09","modified_gmt":"2024-05-28T07:58:09","slug":"lyo-alpha","status":"publish","type":"product","link":"https:\/\/swissvacuum.com\/it\/produit\/lyo-alpha\/","title":{"rendered":"Lyo Alpha"},"content":{"rendered":"","protected":false},"excerpt":{"rendered":"<p>Scarica la brochure del prodotto <span style=\"color: #0d70b3;\"><a style=\"color: #0d70b3;\" href=\"https:\/\/swissvacuum.com\/wp-content\/uploads\/2024\/06\/TELSTAR_Catalog_LyoAlfa.pdf\" target=\"_blank\" rel=\"noopener\">Brochure del prodotto (PDF)<\/a><\/span> Liofilizzatore da laboratorio. La soluzione ottimale per i laboratori: con oltre 45 anni di esperienza, Telstar presenta la nuova apparecchiatura LyoAlfa, particolarmente adatta ai dipartimenti di ricerca che richiedono grandi capacit\u00e0 di liofilizzazione. Questa unit\u00e0 da laboratorio \u00e8 particolarmente adatta ai centri di ricerca e sviluppo di industrie, universit\u00e0, ospedali e istituti scientifici. \u00c8 stata progettata secondo i principi GLP per soddisfare i pi\u00f9 severi standard internazionali. Questo modello incorpora prestazioni di controllo uniche e di alto livello e caratteristiche tecniche eccellenti.<\/p>\n","protected":false},"featured_media":2616,"comment_status":"open","ping_status":"closed","template":"","meta":[],"product_brand":[],"product_cat":[100,125],"product_tag":[],"class_list":{"0":"post-3230","1":"product","2":"type-product","3":"status-publish","4":"has-post-thumbnail","6":"product_cat-divisione-scienze-della-vita","7":"product_cat-liofilizzatori","8":"has-thumb","10":"first","11":"instock","12":"shipping-taxable","13":"product-type-simple"},"_links":{"self":[{"href":"https:\/\/swissvacuum.com\/it\/wp-json\/wp\/v2\/product\/3230","targetHints":{"allow":["GET"]}}],"collection":[{"href":"https:\/\/swissvacuum.com\/it\/wp-json\/wp\/v2\/product"}],"about":[{"href":"https:\/\/swissvacuum.com\/it\/wp-json\/wp\/v2\/types\/product"}],"replies":[{"embeddable":true,"href":"https:\/\/swissvacuum.com\/it\/wp-json\/wp\/v2\/comments?post=3230"}],"wp:featuredmedia":[{"embeddable":true,"href":"https:\/\/swissvacuum.com\/it\/wp-json\/wp\/v2\/media\/2616"}],"wp:attachment":[{"href":"https:\/\/swissvacuum.com\/it\/wp-json\/wp\/v2\/media?parent=3230"}],"wp:term":[{"taxonomy":"product_brand","embeddable":true,"href":"https:\/\/swissvacuum.com\/it\/wp-json\/wp\/v2\/product_brand?post=3230"},{"taxonomy":"product_cat","embeddable":true,"href":"https:\/\/swissvacuum.com\/it\/wp-json\/wp\/v2\/product_cat?post=3230"},{"taxonomy":"product_tag","embeddable":true,"href":"https:\/\/swissvacuum.com\/it\/wp-json\/wp\/v2\/product_tag?post=3230"}],"curies":[{"name":"wp","href":"https:\/\/api.w.org\/{rel}","templated":true}]}}