{"id":3218,"date":"2024-05-28T09:58:48","date_gmt":"2024-05-28T07:58:48","guid":{"rendered":"https:\/\/swissvacuum.com\/produit\/cappa-aspirante-senza-condotto\/"},"modified":"2024-05-28T09:58:48","modified_gmt":"2024-05-28T07:58:48","slug":"cappa-aspirante-senza-condotto","status":"publish","type":"product","link":"https:\/\/swissvacuum.com\/it\/produit\/cappa-aspirante-senza-condotto\/","title":{"rendered":"Cappa aspirante senza condotto"},"content":{"rendered":"","protected":false},"excerpt":{"rendered":"<p>Scarica la brochure del prodotto <span style=\"color: #0d70b3;\"><a style=\"color: #0d70b3;\" href=\"https:\/\/swissvacuum.com\/wp-content\/uploads\/2024\/06\/Fumehood_Green-Ductless-Fumehood-Guide_Brochure_A4_vJ_LR.pdf\" target=\"_blank\" rel=\"noopener\">Brochure del prodotto (PDF)<\/a><\/span> Cappe aspiranti senza condotto, la soluzione sicura ed efficiente dal punto di vista energetico per la chimica moderna. Il Gruppo Esco Lifesciences si impegna a fornire soluzioni innovative per la comunit\u00e0 clinica, le scienze della vita, la ricerca, l&#8217;industria, i laboratori, i prodotti farmaceutici e la FIV. Con la pi\u00f9 ampia gamma di prodotti del settore, Esco ha superato numerosi standard e certificazioni internazionali. Dal 1978, Esco \u00e8 sinonimo di innovazione e design all&#8217;avanguardia, con i pi\u00f9 alti standard di qualit\u00e0.<\/p>\n","protected":false},"featured_media":2583,"comment_status":"open","ping_status":"closed","template":"","meta":[],"product_brand":[],"product_cat":[115,100],"product_tag":[],"class_list":{"0":"post-3218","1":"product","2":"type-product","3":"status-publish","4":"has-post-thumbnail","6":"product_cat-armadietti-a-cappa","7":"product_cat-divisione-scienze-della-vita","8":"has-thumb","10":"first","11":"instock","12":"shipping-taxable","13":"product-type-simple"},"_links":{"self":[{"href":"https:\/\/swissvacuum.com\/it\/wp-json\/wp\/v2\/product\/3218","targetHints":{"allow":["GET"]}}],"collection":[{"href":"https:\/\/swissvacuum.com\/it\/wp-json\/wp\/v2\/product"}],"about":[{"href":"https:\/\/swissvacuum.com\/it\/wp-json\/wp\/v2\/types\/product"}],"replies":[{"embeddable":true,"href":"https:\/\/swissvacuum.com\/it\/wp-json\/wp\/v2\/comments?post=3218"}],"wp:featuredmedia":[{"embeddable":true,"href":"https:\/\/swissvacuum.com\/it\/wp-json\/wp\/v2\/media\/2583"}],"wp:attachment":[{"href":"https:\/\/swissvacuum.com\/it\/wp-json\/wp\/v2\/media?parent=3218"}],"wp:term":[{"taxonomy":"product_brand","embeddable":true,"href":"https:\/\/swissvacuum.com\/it\/wp-json\/wp\/v2\/product_brand?post=3218"},{"taxonomy":"product_cat","embeddable":true,"href":"https:\/\/swissvacuum.com\/it\/wp-json\/wp\/v2\/product_cat?post=3218"},{"taxonomy":"product_tag","embeddable":true,"href":"https:\/\/swissvacuum.com\/it\/wp-json\/wp\/v2\/product_tag?post=3218"}],"curies":[{"name":"wp","href":"https:\/\/api.w.org\/{rel}","templated":true}]}}