{"id":3139,"date":"2024-06-18T08:37:15","date_gmt":"2024-06-18T06:37:15","guid":{"rendered":"https:\/\/swissvacuum.com\/divisione-scienze-della-vita\/"},"modified":"2025-06-12T14:47:35","modified_gmt":"2025-06-12T12:47:35","slug":"divisione-scienze-della-vita","status":"publish","type":"page","link":"https:\/\/swissvacuum.com\/it\/divisione-scienze-della-vita\/","title":{"rendered":"Divisione Scienze della Vita"},"content":{"rendered":"\t\t<div data-elementor-type=\"wp-post\" data-elementor-id=\"3139\" class=\"elementor elementor-3139 elementor-1864\" data-elementor-post-type=\"page\">\n\t\t\t\t\t\t<section class=\"elementor-section elementor-top-section elementor-element elementor-element-217f5c2d elementor-section-boxed elementor-section-height-default elementor-section-height-default\" data-id=\"217f5c2d\" data-element_type=\"section\" data-settings=\"{&quot;jet_parallax_layout_list&quot;:[{&quot;jet_parallax_layout_image&quot;:{&quot;url&quot;:&quot;&quot;,&quot;id&quot;:&quot;&quot;,&quot;size&quot;:&quot;&quot;},&quot;_id&quot;:&quot;9005b86&quot;,&quot;jet_parallax_layout_image_tablet&quot;:{&quot;url&quot;:&quot;&quot;,&quot;id&quot;:&quot;&quot;,&quot;size&quot;:&quot;&quot;},&quot;jet_parallax_layout_image_mobile&quot;:{&quot;url&quot;:&quot;&quot;,&quot;id&quot;:&quot;&quot;,&quot;size&quot;:&quot;&quot;},&quot;jet_parallax_layout_speed&quot;:{&quot;unit&quot;:&quot;%&quot;,&quot;size&quot;:50,&quot;sizes&quot;:[]},&quot;jet_parallax_layout_type&quot;:&quot;scroll&quot;,&quot;jet_parallax_layout_direction&quot;:&quot;1&quot;,&quot;jet_parallax_layout_fx_direction&quot;:null,&quot;jet_parallax_layout_z_index&quot;:&quot;&quot;,&quot;jet_parallax_layout_bg_x&quot;:50,&quot;jet_parallax_layout_bg_x_tablet&quot;:&quot;&quot;,&quot;jet_parallax_layout_bg_x_mobile&quot;:&quot;&quot;,&quot;jet_parallax_layout_bg_y&quot;:50,&quot;jet_parallax_layout_bg_y_tablet&quot;:&quot;&quot;,&quot;jet_parallax_layout_bg_y_mobile&quot;:&quot;&quot;,&quot;jet_parallax_layout_bg_size&quot;:&quot;auto&quot;,&quot;jet_parallax_layout_bg_size_tablet&quot;:&quot;&quot;,&quot;jet_parallax_layout_bg_size_mobile&quot;:&quot;&quot;,&quot;jet_parallax_layout_animation_prop&quot;:&quot;transform&quot;,&quot;jet_parallax_layout_on&quot;:[&quot;desktop&quot;,&quot;tablet&quot;]}],&quot;background_background&quot;:&quot;classic&quot;}\">\n\t\t\t\t\t\t<div class=\"elementor-container elementor-column-gap-narrow\">\n\t\t\t\t\t<div class=\"elementor-column elementor-col-50 elementor-top-column elementor-element elementor-element-4fead713\" data-id=\"4fead713\" data-element_type=\"column\">\n\t\t\t<div class=\"elementor-widget-wrap elementor-element-populated\">\n\t\t\t\t\t\t<div class=\"elementor-element elementor-element-6a4eeebd elementor-widget elementor-widget-heading\" data-id=\"6a4eeebd\" data-element_type=\"widget\" data-widget_type=\"heading.default\">\n\t\t\t\t<div class=\"elementor-widget-container\">\n\t\t\t\t\t<h3 class=\"elementor-heading-title elementor-size-default\">Le nostre divisioni<\/h3>\t\t\t\t<\/div>\n\t\t\t\t<\/div>\n\t\t\t\t<div class=\"elementor-element elementor-element-9ec50b1 elementor-widget elementor-widget-heading\" data-id=\"9ec50b1\" data-element_type=\"widget\" data-widget_type=\"heading.default\">\n\t\t\t\t<div class=\"elementor-widget-container\">\n\t\t\t\t\t<h2 class=\"elementor-heading-title elementor-size-default\">Divisione Scienze della Vita<\/h2>\t\t\t\t<\/div>\n\t\t\t\t<\/div>\n\t\t\t\t<div class=\"elementor-element elementor-element-54be9db0 elementor-widget-tablet__width-inherit elementor-widget elementor-widget-text-editor\" data-id=\"54be9db0\" data-element_type=\"widget\" data-widget_type=\"text-editor.default\">\n\t\t\t\t<div class=\"elementor-widget-container\">\n\t\t\t\t\t\t\t\t\t<p>Swiss Vacuum Technologies SA distribuisce un&#8217;ampia gamma di attrezzature standard e speciali per centri di ricerca, ospedali, laboratori, universit\u00e0 e industria farmaceutica.<\/p>\t\t\t\t\t\t\t\t<\/div>\n\t\t\t\t<\/div>\n\t\t\t\t<div class=\"elementor-element elementor-element-38d96e38 elementor-widget elementor-widget-spacer\" data-id=\"38d96e38\" data-element_type=\"widget\" data-widget_type=\"spacer.default\">\n\t\t\t\t<div class=\"elementor-widget-container\">\n\t\t\t\t\t\t\t<div class=\"elementor-spacer\">\n\t\t\t<div class=\"elementor-spacer-inner\"><\/div>\n\t\t<\/div>\n\t\t\t\t\t\t<\/div>\n\t\t\t\t<\/div>\n\t\t\t\t<div class=\"elementor-element elementor-element-ae46cf6 elementor-align-center elementor-widget elementor-widget-button\" data-id=\"ae46cf6\" data-element_type=\"widget\" data-widget_type=\"button.default\">\n\t\t\t\t<div class=\"elementor-widget-container\">\n\t\t\t\t\t\t\t\t\t<div class=\"elementor-button-wrapper\">\n\t\t\t\t\t<a class=\"elementor-button elementor-button-link elementor-size-md\" href=\"https:\/\/swissvacuum.com\/it\/categorie-produit\/divisione-scienze-della-vita\/\">\n\t\t\t\t\t\t<span class=\"elementor-button-content-wrapper\">\n\t\t\t\t\t\t\t\t\t<span class=\"elementor-button-text\">Catalogo prodotti<\/span>\n\t\t\t\t\t<\/span>\n\t\t\t\t\t<\/a>\n\t\t\t\t<\/div>\n\t\t\t\t\t\t\t\t<\/div>\n\t\t\t\t<\/div>\n\t\t\t\t\t<\/div>\n\t\t<\/div>\n\t\t\t\t<div class=\"elementor-column elementor-col-50 elementor-top-column elementor-element elementor-element-77e0bbec\" data-id=\"77e0bbec\" data-element_type=\"column\">\n\t\t\t<div class=\"elementor-widget-wrap elementor-element-populated\">\n\t\t\t\t\t\t<div class=\"elementor-element elementor-element-14fbe55f elementor-widget elementor-widget-image\" data-id=\"14fbe55f\" data-element_type=\"widget\" data-widget_type=\"image.default\">\n\t\t\t\t<div class=\"elementor-widget-container\">\n\t\t\t\t\t\t\t\t\t\t\t\t\t\t\t<img fetchpriority=\"high\" decoding=\"async\" width=\"577\" height=\"254\" src=\"https:\/\/swissvacuum.com\/wp-content\/uploads\/2025\/06\/Capture-decran-2025-06-12-144026.png\" class=\"attachment-full size-full wp-image-4482\" alt=\"\" srcset=\"https:\/\/swissvacuum.com\/wp-content\/uploads\/2025\/06\/Capture-decran-2025-06-12-144026.png 577w, https:\/\/swissvacuum.com\/wp-content\/uploads\/2025\/06\/Capture-decran-2025-06-12-144026-300x132.png 300w, https:\/\/swissvacuum.com\/wp-content\/uploads\/2025\/06\/Capture-decran-2025-06-12-144026-370x163.png 370w\" sizes=\"(max-width: 577px) 100vw, 577px\" \/>\t\t\t\t\t\t\t\t\t\t\t\t\t\t\t<\/div>\n\t\t\t\t<\/div>\n\t\t\t\t\t<\/div>\n\t\t<\/div>\n\t\t\t\t\t<\/div>\n\t\t<\/section>\n\t\t\t\t<section class=\"elementor-section elementor-top-section elementor-element elementor-element-d8a0f13 elementor-section-stretched elementor-section-full_width elementor-section-height-default elementor-section-height-default\" data-id=\"d8a0f13\" data-element_type=\"section\" data-settings=\"{&quot;jet_parallax_layout_list&quot;:[{&quot;jet_parallax_layout_image&quot;:{&quot;url&quot;:&quot;&quot;,&quot;id&quot;:&quot;&quot;,&quot;size&quot;:&quot;&quot;},&quot;_id&quot;:&quot;d41f412&quot;,&quot;jet_parallax_layout_speed&quot;:{&quot;unit&quot;:&quot;%&quot;,&quot;size&quot;:50,&quot;sizes&quot;:[]},&quot;jet_parallax_layout_image_tablet&quot;:{&quot;url&quot;:&quot;&quot;,&quot;id&quot;:&quot;&quot;,&quot;size&quot;:&quot;&quot;},&quot;jet_parallax_layout_image_mobile&quot;:{&quot;url&quot;:&quot;&quot;,&quot;id&quot;:&quot;&quot;,&quot;size&quot;:&quot;&quot;},&quot;jet_parallax_layout_type&quot;:&quot;scroll&quot;,&quot;jet_parallax_layout_direction&quot;:&quot;1&quot;,&quot;jet_parallax_layout_fx_direction&quot;:null,&quot;jet_parallax_layout_z_index&quot;:&quot;&quot;,&quot;jet_parallax_layout_bg_x&quot;:50,&quot;jet_parallax_layout_bg_x_tablet&quot;:&quot;&quot;,&quot;jet_parallax_layout_bg_x_mobile&quot;:&quot;&quot;,&quot;jet_parallax_layout_bg_y&quot;:50,&quot;jet_parallax_layout_bg_y_tablet&quot;:&quot;&quot;,&quot;jet_parallax_layout_bg_y_mobile&quot;:&quot;&quot;,&quot;jet_parallax_layout_bg_size&quot;:&quot;auto&quot;,&quot;jet_parallax_layout_bg_size_tablet&quot;:&quot;&quot;,&quot;jet_parallax_layout_bg_size_mobile&quot;:&quot;&quot;,&quot;jet_parallax_layout_animation_prop&quot;:&quot;transform&quot;,&quot;jet_parallax_layout_on&quot;:[&quot;desktop&quot;,&quot;tablet&quot;]}],&quot;stretch_section&quot;:&quot;section-stretched&quot;,&quot;background_background&quot;:&quot;classic&quot;}\">\n\t\t\t\t\t\t<div class=\"elementor-container elementor-column-gap-default\">\n\t\t\t\t\t<div class=\"elementor-column elementor-col-100 elementor-top-column elementor-element elementor-element-b473fc0\" data-id=\"b473fc0\" data-element_type=\"column\">\n\t\t\t<div class=\"elementor-widget-wrap elementor-element-populated\">\n\t\t\t\t\t\t<div class=\"elementor-element elementor-element-b79449b elementor-widget elementor-widget-heading\" data-id=\"b79449b\" data-element_type=\"widget\" data-widget_type=\"heading.default\">\n\t\t\t\t<div class=\"elementor-widget-container\">\n\t\t\t\t\t<h3 class=\"elementor-heading-title elementor-size-default\">DIVISIONE SCIENZE DELLA VITA<\/h3>\t\t\t\t<\/div>\n\t\t\t\t<\/div>\n\t\t\t\t<div class=\"elementor-element elementor-element-2e514a5 elementor-widget elementor-widget-heading\" data-id=\"2e514a5\" data-element_type=\"widget\" data-widget_type=\"heading.default\">\n\t\t\t\t<div class=\"elementor-widget-container\">\n\t\t\t\t\t<h2 class=\"elementor-heading-title elementor-size-default\">Catalogo prodotti per categoria<\/h2>\t\t\t\t<\/div>\n\t\t\t\t<\/div>\n\t\t\t\t<div class=\"elementor-element elementor-element-5e932b8 elementor-widget elementor-widget-jet-smart-filters-color-image\" data-id=\"5e932b8\" data-element_type=\"widget\" data-widget_type=\"jet-smart-filters-color-image.default\">\n\t\t\t\t<div class=\"elementor-widget-container\">\n\t\t\t\t\t<div class=\"jet-smart-filters-color-image jet-filter \" data-indexer-rule=\"show\" data-show-counter=\"\" data-change-counter=\"always\"><div class=\"jet-color-image-list\" data-query-type=\"tax_query\" data-query-var=\"product_cat\" data-smart-filter=\"color-image\" data-filter-id=\"3553\" data-apply-type=\"ajax\" data-content-provider=\"woocommerce-archive\" data-additional-providers=\"\" data-query-id=\"default\" data-active-label=\"Categoria Life Science Division\" data-layout-options=\"{&quot;show_label&quot;:&quot;&quot;,&quot;display_options&quot;:{&quot;show_items_label&quot;:&quot;yes&quot;,&quot;show_decorator&quot;:false,&quot;filter_image_size&quot;:&quot;woocommerce_gallery_thumbnail&quot;,&quot;show_counter&quot;:false}}\" data-query-var-suffix=\"\" data-apply-on=\"submit\"><form class=\"jet-color-image-list-wrapper\"><fieldset><legend style=\"display:none;\">Categoria Life Science Division<\/legend><div class=\"jet-color-image-list__row jet-filter-row\">\n\t<label class=\"jet-color-image-list__item\" >\n\t\t<input\n\t\t\ttype=\"checkbox\"\n\t\t\tclass=\"jet-color-image-list__input\"\n\t\t\tname=\"product_cat\"\n\t\t\tvalue=\"124\"\n\t\t\tdata-label=\"Autoclavi GMP\"\n\t\t\t\t\t\taria-label=\"Autoclavi GMP\"\n\t\t\t\t\t>\n\t\t<div class=\"jet-color-image-list__button\">\n\t\t\t\t\t\t\t<span class=\"jet-color-image-list__decorator\">\n\t\t\t\t\t\t\t\t\t\t\t\t\t\t\t\t<span class=\"jet-color-image-list__image\"><img decoding=\"async\" src=\"https:\/\/swissvacuum.com\/wp-content\/uploads\/2024\/05\/Steam-Sterilization-Autoclaves-100x100.jpg\" alt=\"Autoclavi GMP\"><\/span>\n\t\t\t\t\t\t\t\t\t<\/span>\n\t\t\t\t\t\t\t\t\t\t<span class=\"jet-color-image-list__label\">Autoclavi GMP<\/span>\n\t\t\t\t\t\t\t\t<\/div>\n\t<\/label>\n<\/div><div class=\"jet-color-image-list__row jet-filter-row\">\n\t<label class=\"jet-color-image-list__item\" >\n\t\t<input\n\t\t\ttype=\"checkbox\"\n\t\t\tclass=\"jet-color-image-list__input\"\n\t\t\tname=\"product_cat\"\n\t\t\tvalue=\"115\"\n\t\t\tdata-label=\"Armadietti a cappa\"\n\t\t\t\t\t\taria-label=\"Armadietti a cappa\"\n\t\t\t\t\t>\n\t\t<div class=\"jet-color-image-list__button\">\n\t\t\t\t\t\t\t<span class=\"jet-color-image-list__decorator\">\n\t\t\t\t\t\t\t\t\t\t\t\t\t\t\t\t<span class=\"jet-color-image-list__image\"><img decoding=\"async\" src=\"https:\/\/swissvacuum.com\/wp-content\/uploads\/2024\/05\/Ductless-Fume-Hood-100x100.jpg\" alt=\"Armadietti a cappa\"><\/span>\n\t\t\t\t\t\t\t\t\t<\/span>\n\t\t\t\t\t\t\t\t\t\t<span class=\"jet-color-image-list__label\">Armadietti a cappa<\/span>\n\t\t\t\t\t\t\t\t<\/div>\n\t<\/label>\n<\/div><div class=\"jet-color-image-list__row jet-filter-row\">\n\t<label class=\"jet-color-image-list__item\" >\n\t\t<input\n\t\t\ttype=\"checkbox\"\n\t\t\tclass=\"jet-color-image-list__input\"\n\t\t\tname=\"product_cat\"\n\t\t\tvalue=\"134\"\n\t\t\tdata-label=\"Cabine di sicurezza biologica\"\n\t\t\t\t\t\taria-label=\"Cabine di sicurezza biologica\"\n\t\t\t\t\t>\n\t\t<div class=\"jet-color-image-list__button\">\n\t\t\t\t\t\t\t<span class=\"jet-color-image-list__decorator\">\n\t\t\t\t\t\t\t\t\t\t\t\t\t\t\t\t<span class=\"jet-color-image-list__image\"><img decoding=\"async\" src=\"https:\/\/swissvacuum.com\/wp-content\/uploads\/2024\/05\/Biological-safety-cabinets-100x100.jpg\" alt=\"Cabine di sicurezza biologica\"><\/span>\n\t\t\t\t\t\t\t\t\t<\/span>\n\t\t\t\t\t\t\t\t\t\t<span class=\"jet-color-image-list__label\">Cabine di sicurezza biologica<\/span>\n\t\t\t\t\t\t\t\t<\/div>\n\t<\/label>\n<\/div><div class=\"jet-color-image-list__row jet-filter-row\">\n\t<label class=\"jet-color-image-list__item\" >\n\t\t<input\n\t\t\ttype=\"checkbox\"\n\t\t\tclass=\"jet-color-image-list__input\"\n\t\t\tname=\"product_cat\"\n\t\t\tvalue=\"105\"\n\t\t\tdata-label=\"Centrifughe\"\n\t\t\t\t\t\taria-label=\"Centrifughe\"\n\t\t\t\t\t>\n\t\t<div class=\"jet-color-image-list__button\">\n\t\t\t\t\t\t\t<span class=\"jet-color-image-list__decorator\">\n\t\t\t\t\t\t\t\t\t\t\t\t\t\t\t\t<span class=\"jet-color-image-list__image\"><img decoding=\"async\" src=\"https:\/\/swissvacuum.com\/wp-content\/uploads\/2024\/05\/Refrigerated-Centrifuge2-100x100.jpg\" alt=\"Centrifughe\"><\/span>\n\t\t\t\t\t\t\t\t\t<\/span>\n\t\t\t\t\t\t\t\t\t\t<span class=\"jet-color-image-list__label\">Centrifughe<\/span>\n\t\t\t\t\t\t\t\t<\/div>\n\t<\/label>\n<\/div><div class=\"jet-color-image-list__row jet-filter-row\">\n\t<label class=\"jet-color-image-list__item\" >\n\t\t<input\n\t\t\ttype=\"checkbox\"\n\t\t\tclass=\"jet-color-image-list__input\"\n\t\t\tname=\"product_cat\"\n\t\t\tvalue=\"129\"\n\t\t\tdata-label=\"Incubatori a CO2\"\n\t\t\t\t\t\taria-label=\"Incubatori a CO2\"\n\t\t\t\t\t>\n\t\t<div class=\"jet-color-image-list__button\">\n\t\t\t\t\t\t\t<span class=\"jet-color-image-list__decorator\">\n\t\t\t\t\t\t\t\t\t\t\t\t\t\t\t\t<span class=\"jet-color-image-list__image\"><img decoding=\"async\" src=\"https:\/\/swissvacuum.com\/wp-content\/uploads\/2024\/05\/CO2-Incubators-100x100.jpg\" alt=\"Incubatori a CO2\"><\/span>\n\t\t\t\t\t\t\t\t\t<\/span>\n\t\t\t\t\t\t\t\t\t\t<span class=\"jet-color-image-list__label\">Incubatori a CO2<\/span>\n\t\t\t\t\t\t\t\t<\/div>\n\t<\/label>\n<\/div><div class=\"jet-color-image-list__row jet-filter-row\">\n\t<label class=\"jet-color-image-list__item\" >\n\t\t<input\n\t\t\ttype=\"checkbox\"\n\t\t\tclass=\"jet-color-image-list__input\"\n\t\t\tname=\"product_cat\"\n\t\t\tvalue=\"144\"\n\t\t\tdata-label=\"Camere fredde\"\n\t\t\t\t\t\taria-label=\"Camere fredde\"\n\t\t\t\t\t>\n\t\t<div class=\"jet-color-image-list__button\">\n\t\t\t\t\t\t\t<span class=\"jet-color-image-list__decorator\">\n\t\t\t\t\t\t\t\t\t\t\t\t\t\t\t\t<span class=\"jet-color-image-list__image\"><img decoding=\"async\" src=\"https:\/\/swissvacuum.com\/wp-content\/uploads\/2024\/05\/Prefabricated-Cold-Room-100x100.jpg\" alt=\"Camere fredde\"><\/span>\n\t\t\t\t\t\t\t\t\t<\/span>\n\t\t\t\t\t\t\t\t\t\t<span class=\"jet-color-image-list__label\">Camere fredde<\/span>\n\t\t\t\t\t\t\t\t<\/div>\n\t<\/label>\n<\/div><div class=\"jet-color-image-list__row jet-filter-row\">\n\t<label class=\"jet-color-image-list__item\" >\n\t\t<input\n\t\t\ttype=\"checkbox\"\n\t\t\tclass=\"jet-color-image-list__input\"\n\t\t\tname=\"product_cat\"\n\t\t\tvalue=\"125\"\n\t\t\tdata-label=\"Liofilizzatori\"\n\t\t\t\t\t\taria-label=\"Liofilizzatori\"\n\t\t\t\t\t>\n\t\t<div class=\"jet-color-image-list__button\">\n\t\t\t\t\t\t\t<span class=\"jet-color-image-list__decorator\">\n\t\t\t\t\t\t\t\t\t\t\t\t\t\t\t\t<span class=\"jet-color-image-list__image\"><img decoding=\"async\" src=\"https:\/\/swissvacuum.com\/wp-content\/uploads\/2024\/05\/Lyo-Beta-100x100.jpg\" alt=\"Liofilizzatori\"><\/span>\n\t\t\t\t\t\t\t\t\t<\/span>\n\t\t\t\t\t\t\t\t\t\t<span class=\"jet-color-image-list__label\">Liofilizzatori<\/span>\n\t\t\t\t\t\t\t\t<\/div>\n\t<\/label>\n<\/div><div class=\"jet-color-image-list__row jet-filter-row\">\n\t<label class=\"jet-color-image-list__item\" >\n\t\t<input\n\t\t\ttype=\"checkbox\"\n\t\t\tclass=\"jet-color-image-list__input\"\n\t\t\tname=\"product_cat\"\n\t\t\tvalue=\"139\"\n\t\t\tdata-label=\"Cabine a flusso laminare\"\n\t\t\t\t\t\taria-label=\"Cabine a flusso laminare\"\n\t\t\t\t\t>\n\t\t<div class=\"jet-color-image-list__button\">\n\t\t\t\t\t\t\t<span class=\"jet-color-image-list__decorator\">\n\t\t\t\t\t\t\t\t\t\t\t\t\t\t\t\t<span class=\"jet-color-image-list__image\"><img decoding=\"async\" src=\"https:\/\/swissvacuum.com\/wp-content\/uploads\/2024\/05\/Laminar-flow-cabinets-100x100.jpg\" alt=\"Cabine a flusso laminare\"><\/span>\n\t\t\t\t\t\t\t\t\t<\/span>\n\t\t\t\t\t\t\t\t\t\t<span class=\"jet-color-image-list__label\">Cabine a flusso laminare<\/span>\n\t\t\t\t\t\t\t\t<\/div>\n\t<\/label>\n<\/div><div class=\"jet-color-image-list__row jet-filter-row\">\n\t<label class=\"jet-color-image-list__item\" >\n\t\t<input\n\t\t\ttype=\"checkbox\"\n\t\t\tclass=\"jet-color-image-list__input\"\n\t\t\tname=\"product_cat\"\n\t\t\tvalue=\"103\"\n\t\t\tdata-label=\"Incubatrici refrigerate\"\n\t\t\t\t\t\taria-label=\"Incubatrici refrigerate\"\n\t\t\t\t\t>\n\t\t<div class=\"jet-color-image-list__button\">\n\t\t\t\t\t\t\t<span class=\"jet-color-image-list__decorator\">\n\t\t\t\t\t\t\t\t\t\t\t\t\t\t\t\t<span class=\"jet-color-image-list__image\"><img decoding=\"async\" src=\"https:\/\/swissvacuum.com\/wp-content\/uploads\/2024\/05\/Thermostatic-Incubators-100x100.jpg\" alt=\"Incubatrici refrigerate\"><\/span>\n\t\t\t\t\t\t\t\t\t<\/span>\n\t\t\t\t\t\t\t\t\t\t<span class=\"jet-color-image-list__label\">Incubatrici refrigerate<\/span>\n\t\t\t\t\t\t\t\t<\/div>\n\t<\/label>\n<\/div><div class=\"jet-color-image-list__row jet-filter-row\">\n\t<label class=\"jet-color-image-list__item\" >\n\t\t<input\n\t\t\ttype=\"checkbox\"\n\t\t\tclass=\"jet-color-image-list__input\"\n\t\t\tname=\"product_cat\"\n\t\t\tvalue=\"162\"\n\t\t\tdata-label=\"Frigoriferi\"\n\t\t\t\t\t\taria-label=\"Frigoriferi\"\n\t\t\t\t\t>\n\t\t<div class=\"jet-color-image-list__button\">\n\t\t\t\t\t\t\t<span class=\"jet-color-image-list__decorator\">\n\t\t\t\t\t\t\t\t\t\t\t\t\t\t\t\t<span class=\"jet-color-image-list__image\"><img decoding=\"async\" src=\"https:\/\/swissvacuum.com\/wp-content\/uploads\/2024\/05\/X-Cold-Series-from-30\u00b0C-to-15\u00b0C-100x100.jpg\" alt=\"Frigoriferi\"><\/span>\n\t\t\t\t\t\t\t\t\t<\/span>\n\t\t\t\t\t\t\t\t\t\t<span class=\"jet-color-image-list__label\">Frigoriferi<\/span>\n\t\t\t\t\t\t\t\t<\/div>\n\t<\/label>\n<\/div><div class=\"jet-color-image-list__row jet-filter-row\">\n\t<label class=\"jet-color-image-list__item\" >\n\t\t<input\n\t\t\ttype=\"checkbox\"\n\t\t\tclass=\"jet-color-image-list__input\"\n\t\t\tname=\"product_cat\"\n\t\t\tvalue=\"147\"\n\t\t\tdata-label=\"Congelatori Schock\"\n\t\t\t\t\t\taria-label=\"Congelatori Schock\"\n\t\t\t\t\t>\n\t\t<div class=\"jet-color-image-list__button\">\n\t\t\t\t\t\t\t<span class=\"jet-color-image-list__decorator\">\n\t\t\t\t\t\t\t\t\t\t\t\t\t\t\t\t<span class=\"jet-color-image-list__image\"><img decoding=\"async\" src=\"https:\/\/swissvacuum.com\/wp-content\/uploads\/2024\/05\/Shock-Freezers-100x100.jpg\" alt=\"Congelatori Schock\"><\/span>\n\t\t\t\t\t\t\t\t\t<\/span>\n\t\t\t\t\t\t\t\t\t\t<span class=\"jet-color-image-list__label\">Congelatori Schock<\/span>\n\t\t\t\t\t\t\t\t<\/div>\n\t<\/label>\n<\/div><div class=\"jet-color-image-list__row jet-filter-row\">\n\t<label class=\"jet-color-image-list__item\" >\n\t\t<input\n\t\t\ttype=\"checkbox\"\n\t\t\tclass=\"jet-color-image-list__input\"\n\t\t\tname=\"product_cat\"\n\t\t\tvalue=\"113\"\n\t\t\tdata-label=\"Shaker\"\n\t\t\t\t\t\taria-label=\"Shaker\"\n\t\t\t\t\t>\n\t\t<div class=\"jet-color-image-list__button\">\n\t\t\t\t\t\t\t<span class=\"jet-color-image-list__decorator\">\n\t\t\t\t\t\t\t\t\t\t\t\t\t\t\t\t<span class=\"jet-color-image-list__image\"><img decoding=\"async\" src=\"https:\/\/swissvacuum.com\/wp-content\/uploads\/2024\/05\/Incubator-Benchtop-Shaker-100x100.jpg\" alt=\"Shaker\"><\/span>\n\t\t\t\t\t\t\t\t\t<\/span>\n\t\t\t\t\t\t\t\t\t\t<span class=\"jet-color-image-list__label\">Shaker<\/span>\n\t\t\t\t\t\t\t\t<\/div>\n\t<\/label>\n<\/div><div class=\"jet-color-image-list__row jet-filter-row\">\n\t<label class=\"jet-color-image-list__item\" >\n\t\t<input\n\t\t\ttype=\"checkbox\"\n\t\t\tclass=\"jet-color-image-list__input\"\n\t\t\tname=\"product_cat\"\n\t\t\tvalue=\"151\"\n\t\t\tdata-label=\"Camere per test di stabilit\u00e0\"\n\t\t\t\t\t\taria-label=\"Camere per test di stabilit\u00e0\"\n\t\t\t\t\t>\n\t\t<div class=\"jet-color-image-list__button\">\n\t\t\t\t\t\t\t<span class=\"jet-color-image-list__decorator\">\n\t\t\t\t\t\t\t\t\t\t\t\t\t\t\t\t<span class=\"jet-color-image-list__image\"><img decoding=\"async\" src=\"https:\/\/swissvacuum.com\/wp-content\/uploads\/2024\/05\/Stability-Test-Chambers-100x100.jpg\" alt=\"Camere per test di stabilit\u00e0\"><\/span>\n\t\t\t\t\t\t\t\t\t<\/span>\n\t\t\t\t\t\t\t\t\t\t<span class=\"jet-color-image-list__label\">Camere per test di stabilit\u00e0<\/span>\n\t\t\t\t\t\t\t\t<\/div>\n\t<\/label>\n<\/div><div class=\"jet-color-image-list__row jet-filter-row\">\n\t<label class=\"jet-color-image-list__item\" >\n\t\t<input\n\t\t\ttype=\"checkbox\"\n\t\t\tclass=\"jet-color-image-list__input\"\n\t\t\tname=\"product_cat\"\n\t\t\tvalue=\"153\"\n\t\t\tdata-label=\"Ultra Freezer (Tecnologia Inverter)\"\n\t\t\t\t\t\taria-label=\"Ultra Freezer (Tecnologia Inverter)\"\n\t\t\t\t\t>\n\t\t<div class=\"jet-color-image-list__button\">\n\t\t\t\t\t\t\t<span class=\"jet-color-image-list__decorator\">\n\t\t\t\t\t\t\t\t\t\t\t\t\t\t\t\t<span class=\"jet-color-image-list__image\"><img decoding=\"async\" src=\"https:\/\/swissvacuum.com\/wp-content\/uploads\/2024\/05\/ULT-Inverter-Technology-100x100.jpg\" alt=\"Ultra Freezer (Tecnologia Inverter)\"><\/span>\n\t\t\t\t\t\t\t\t\t<\/span>\n\t\t\t\t\t\t\t\t\t\t<span class=\"jet-color-image-list__label\">Ultra Freezer (Tecnologia Inverter)<\/span>\n\t\t\t\t\t\t\t\t<\/div>\n\t<\/label>\n<\/div><div class=\"jet-color-image-list__row jet-filter-row\">\n\t<label class=\"jet-color-image-list__item\" >\n\t\t<input\n\t\t\ttype=\"checkbox\"\n\t\t\tclass=\"jet-color-image-list__input\"\n\t\t\tname=\"product_cat\"\n\t\t\tvalue=\"136\"\n\t\t\tdata-label=\"Ultra Freezer (tecnologia TwinCool)\"\n\t\t\t\t\t\taria-label=\"Ultra Freezer (tecnologia TwinCool)\"\n\t\t\t\t\t>\n\t\t<div class=\"jet-color-image-list__button\">\n\t\t\t\t\t\t\t<span class=\"jet-color-image-list__decorator\">\n\t\t\t\t\t\t\t\t\t\t\t\t\t\t\t\t<span class=\"jet-color-image-list__image\"><img decoding=\"async\" src=\"https:\/\/swissvacuum.com\/wp-content\/uploads\/2024\/05\/86\u00b0C-Twin-cooling-system-100x100.jpg\" alt=\"Ultra Freezer (tecnologia TwinCool)\"><\/span>\n\t\t\t\t\t\t\t\t\t<\/span>\n\t\t\t\t\t\t\t\t\t\t<span class=\"jet-color-image-list__label\">Ultra Freezer (tecnologia TwinCool)<\/span>\n\t\t\t\t\t\t\t\t<\/div>\n\t<\/label>\n<\/div><\/fieldset><\/form><\/div>\n<\/div>\t\t\t\t<\/div>\n\t\t\t\t<\/div>\n\t\t\t\t<div class=\"elementor-element elementor-element-289d8eb elementor-widget elementor-widget-jet-smart-filters-apply-button\" data-id=\"289d8eb\" data-element_type=\"widget\" data-widget_type=\"jet-smart-filters-apply-button.default\">\n\t\t\t\t<div class=\"elementor-widget-container\">\n\t\t\t\t\t<div class=\"jet-smart-filters-apply-button jet-filter\"><div class=\"apply-filters\"  data-content-provider=\"woocommerce-archive\" data-query-id=\"default\" data-additional-providers=\"\" data-apply-type=\"ajax\" data-redirect=\"yes\" data-redirect-path=\"https:\/\/swissvacuum.com\/boutique\/\">\n\t<button\n\t\ttype=\"button\"\n\t\tclass=\"apply-filters__button\"\n\t\t\t\t\t>Voir les cat\u00e9gories s\u00e9lectionn\u00e9es<\/button>\n<\/div><\/div>\t\t\t\t<\/div>\n\t\t\t\t<\/div>\n\t\t\t\t\t<\/div>\n\t\t<\/div>\n\t\t\t\t\t<\/div>\n\t\t<\/section>\n\t\t\t\t<\/div>\n\t\t","protected":false},"excerpt":{"rendered":"<p>Le nostre divisioni Divisione Scienze della Vita Swiss Vacuum Technologies SA distribuisce un&#8217;ampia gamma di attrezzature standard e speciali per centri di ricerca, ospedali, laboratori, universit\u00e0 e industria farmaceutica. Catalogo prodotti DIVISIONE SCIENZE DELLA VITA Catalogo prodotti per categoria Categorie Life Science Division Biological Safety Cabinets Centrifuges CO2 Incubators Cold Chambers Freeze-Dryers Fume-Hood Cabinets GMP [&hellip;]<\/p>\n","protected":false},"author":1,"featured_media":0,"parent":0,"menu_order":0,"comment_status":"closed","ping_status":"closed","template":"elementor_header_footer","meta":{"footnotes":""},"class_list":["post-3139","page","type-page","status-publish","hentry","no-thumb"],"_links":{"self":[{"href":"https:\/\/swissvacuum.com\/it\/wp-json\/wp\/v2\/pages\/3139","targetHints":{"allow":["GET"]}}],"collection":[{"href":"https:\/\/swissvacuum.com\/it\/wp-json\/wp\/v2\/pages"}],"about":[{"href":"https:\/\/swissvacuum.com\/it\/wp-json\/wp\/v2\/types\/page"}],"author":[{"embeddable":true,"href":"https:\/\/swissvacuum.com\/it\/wp-json\/wp\/v2\/users\/1"}],"replies":[{"embeddable":true,"href":"https:\/\/swissvacuum.com\/it\/wp-json\/wp\/v2\/comments?post=3139"}],"version-history":[{"count":22,"href":"https:\/\/swissvacuum.com\/it\/wp-json\/wp\/v2\/pages\/3139\/revisions"}],"predecessor-version":[{"id":4495,"href":"https:\/\/swissvacuum.com\/it\/wp-json\/wp\/v2\/pages\/3139\/revisions\/4495"}],"wp:attachment":[{"href":"https:\/\/swissvacuum.com\/it\/wp-json\/wp\/v2\/media?parent=3139"}],"curies":[{"name":"wp","href":"https:\/\/api.w.org\/{rel}","templated":true}]}}