{"id":4556,"date":"2025-06-16T09:15:11","date_gmt":"2025-06-16T07:15:11","guid":{"rendered":"https:\/\/swissvacuum.com\/produit\/etuves\/"},"modified":"2025-06-16T09:20:16","modified_gmt":"2025-06-16T07:20:16","slug":"etuves","status":"publish","type":"product","link":"https:\/\/swissvacuum.com\/de\/produit\/etuves\/","title":{"rendered":"Trockenschr\u00e4nke"},"content":{"rendered":"","protected":false},"excerpt":{"rendered":"<p><strong>Trockenschr\u00e4nke sind f\u00fcr hohe Temperaturen bis zu 300\u202f\u00b0C ausgelegt.<\/strong><\/p>\n<p><br data-start=\"1046\" data-end=\"1049\" \/>Der Trockenschrank (SL) ist f\u00fcr das Trocknen im Temperaturbereich von +5\u202f\u00b0C \u00fcber Umgebungstemperatur bis +300\u202f\u00b0C konzipiert.<br data-start=\"1173\" data-end=\"1176\" \/>POL-EKO-Trockenschr\u00e4nke sind mit nat\u00fcrlicher Luftzirkulation (SLN) oder mit erzwungener Luftzirkulation (SLW) erh\u00e4ltlich.<br data-start=\"1297\" data-end=\"1300\" \/>W\u00e4hlen Sie zwischen Modellen mit Smart- oder Smart PRO-Controller.<\/p>\n<p>Brochure herunterladen: <a href=\"https:\/\/swissvacuum.com\/wp-content\/uploads\/2025\/06\/Drying-Ovens_SL.pdf\">SL-Serie<\/a><\/p>\n<p>&nbsp;<\/p>\n","protected":false},"featured_media":4553,"comment_status":"open","ping_status":"closed","template":"","meta":[],"product_brand":[],"product_cat":[101,283],"product_tag":[],"class_list":{"0":"post-4556","1":"product","2":"type-product","3":"status-publish","4":"has-post-thumbnail","6":"product_cat-life-science-division-de","7":"product_cat-trockenschraenke","8":"has-thumb","10":"first","11":"instock","12":"shipping-taxable","13":"product-type-simple"},"_links":{"self":[{"href":"https:\/\/swissvacuum.com\/de\/wp-json\/wp\/v2\/product\/4556","targetHints":{"allow":["GET"]}}],"collection":[{"href":"https:\/\/swissvacuum.com\/de\/wp-json\/wp\/v2\/product"}],"about":[{"href":"https:\/\/swissvacuum.com\/de\/wp-json\/wp\/v2\/types\/product"}],"replies":[{"embeddable":true,"href":"https:\/\/swissvacuum.com\/de\/wp-json\/wp\/v2\/comments?post=4556"}],"wp:featuredmedia":[{"embeddable":true,"href":"https:\/\/swissvacuum.com\/de\/wp-json\/wp\/v2\/media\/4553"}],"wp:attachment":[{"href":"https:\/\/swissvacuum.com\/de\/wp-json\/wp\/v2\/media?parent=4556"}],"wp:term":[{"taxonomy":"product_brand","embeddable":true,"href":"https:\/\/swissvacuum.com\/de\/wp-json\/wp\/v2\/product_brand?post=4556"},{"taxonomy":"product_cat","embeddable":true,"href":"https:\/\/swissvacuum.com\/de\/wp-json\/wp\/v2\/product_cat?post=4556"},{"taxonomy":"product_tag","embeddable":true,"href":"https:\/\/swissvacuum.com\/de\/wp-json\/wp\/v2\/product_tag?post=4556"}],"curies":[{"name":"wp","href":"https:\/\/api.w.org\/{rel}","templated":true}]}}