{"id":4112,"date":"2025-04-08T09:24:57","date_gmt":"2025-04-08T07:24:57","guid":{"rendered":"https:\/\/swissvacuum.com\/?post_type=product&#038;p=4112"},"modified":"2025-04-08T09:29:36","modified_gmt":"2025-04-08T07:29:36","slug":"mks-components-and-instruments","status":"publish","type":"product","link":"https:\/\/swissvacuum.com\/de\/produit\/mks-components-and-instruments\/","title":{"rendered":"MKS Components and Instruments"},"content":{"rendered":"","protected":false},"excerpt":{"rendered":"<p class=\"\" data-start=\"0\" data-end=\"67\">MKS Instruments erm\u00f6glicht Technologien, die unsere Welt ver\u00e4ndern.<\/p>\n<p class=\"\" data-start=\"69\" data-end=\"218\">MKS liefert grundlegende Technologiel\u00f6sungen f\u00fcr die moderne Halbleiterfertigung, fortschrittliche Elektronik und spezielle industrielle Anwendungen.<\/p>\n<p class=\"\" data-start=\"220\" data-end=\"556\">MKS nutzt sein breites naturwissenschaftliches und technisches Know-how, um Instrumente, Subsysteme, Systeme und L\u00f6sungen zur Prozesskontrolle zu entwickeln, die die Prozessleistung verbessern, die Produktivit\u00e4t optimieren und einzigartige Innovationen f\u00fcr viele der weltweit f\u00fchrenden Technologie- und Industrieunternehmen erm\u00f6glichen.<\/p>\n<p data-start=\"220\" data-end=\"556\">Laden Sie den<a href=\"https:\/\/swissvacuum.com\/wp-content\/uploads\/2025\/04\/MKSProductGuide-English-DS.pdf\"> Katalog<\/a> herunter.<\/p>\n","protected":false},"featured_media":4108,"comment_status":"open","ping_status":"closed","template":"","meta":[],"product_brand":[],"product_cat":[214],"product_tag":[],"class_list":{"0":"post-4112","1":"product","2":"type-product","3":"status-publish","4":"has-post-thumbnail","6":"product_cat-components-and-instruments-de","7":"has-thumb","9":"first","10":"instock","11":"shipping-taxable","12":"product-type-simple"},"_links":{"self":[{"href":"https:\/\/swissvacuum.com\/de\/wp-json\/wp\/v2\/product\/4112","targetHints":{"allow":["GET"]}}],"collection":[{"href":"https:\/\/swissvacuum.com\/de\/wp-json\/wp\/v2\/product"}],"about":[{"href":"https:\/\/swissvacuum.com\/de\/wp-json\/wp\/v2\/types\/product"}],"replies":[{"embeddable":true,"href":"https:\/\/swissvacuum.com\/de\/wp-json\/wp\/v2\/comments?post=4112"}],"wp:featuredmedia":[{"embeddable":true,"href":"https:\/\/swissvacuum.com\/de\/wp-json\/wp\/v2\/media\/4108"}],"wp:attachment":[{"href":"https:\/\/swissvacuum.com\/de\/wp-json\/wp\/v2\/media?parent=4112"}],"wp:term":[{"taxonomy":"product_brand","embeddable":true,"href":"https:\/\/swissvacuum.com\/de\/wp-json\/wp\/v2\/product_brand?post=4112"},{"taxonomy":"product_cat","embeddable":true,"href":"https:\/\/swissvacuum.com\/de\/wp-json\/wp\/v2\/product_cat?post=4112"},{"taxonomy":"product_tag","embeddable":true,"href":"https:\/\/swissvacuum.com\/de\/wp-json\/wp\/v2\/product_tag?post=4112"}],"curies":[{"name":"wp","href":"https:\/\/api.w.org\/{rel}","templated":true}]}}