{"id":3350,"date":"2024-05-28T08:44:01","date_gmt":"2024-05-28T06:44:01","guid":{"rendered":"https:\/\/swissvacuum.com\/produit\/twistorr-family\/"},"modified":"2025-06-10T09:35:03","modified_gmt":"2025-06-10T07:35:03","slug":"twistorr-family","status":"publish","type":"product","link":"https:\/\/swissvacuum.com\/de\/produit\/twistorr-family\/","title":{"rendered":"Twistorr Family"},"content":{"rendered":"","protected":false},"excerpt":{"rendered":"<p>Laden Sie es herunter: <span style=\"color: #0d70b3;\"><a style=\"color: #0d70b3;\" href=\"https:\/\/swissvacuum.com\/wp-content\/uploads\/2024\/06\/AGILENT_TwisTorr-FS-Turbo-Pump-Family.pdf\" target=\"_blank\" rel=\"noopener\">Produktbrosch\u00fcre (PDF)<\/a><\/span><\/p>\n<p>Agilent TwisTorr FS-Familie von Turbopumpen.<\/p>\n<p>Die TwisTorr FS-Familie: Kompakte, zuverl\u00e4ssige, energieeffiziente Einheiten, die zu den besten ihrer Klasse geh\u00f6ren und mit innovativer Technologie f\u00fcr au\u00dfergew\u00f6hnliche Leistung ausgestattet sind.<\/p>\n<p>&nbsp;<\/p>\n<p>Videos :<\/p>\n<ul>\n<li><a href=\"https:\/\/www.agilent.com\/en\/video\/twistorr305intro\"><span data-olk-copy-source=\"MessageBody\">Introducing the TwisTorr 305 turbos<\/span><\/a><\/li>\n<li><a title=\"https:\/\/www.agilent.com\/en\/product\/vacuum-technologies\/twistorr-drag-technology\" href=\"https:\/\/www.agilent.com\/en\/product\/vacuum-technologies\/twistorr-drag-technology\" data-auth=\"NotApplicable\" data-linkindex=\"3\" data-olk-copy-source=\"MessageBody\">TwisTorr Drag Technology<\/a><\/li>\n<li><a title=\"https:\/\/www.agilent.com\/en\/product\/vacuum-technologies\/agilent-floating-suspension\" href=\"https:\/\/www.agilent.com\/en\/product\/vacuum-technologies\/agilent-floating-suspension\" data-auth=\"NotApplicable\" data-linkindex=\"4\" data-olk-copy-source=\"MessageBody\">Agilent Floating Suspension (AFS) Video<\/a><\/li>\n<li><a title=\"https:\/\/www.agilent.com\/en\/video\/cobot-turbo-mfg\" href=\"https:\/\/www.agilent.com\/en\/video\/cobot-turbo-mfg\" data-auth=\"NotApplicable\" data-linkindex=\"5\" data-olk-copy-source=\"MessageBody\">COBOT application in turbo pump manufacturing<\/a><\/li>\n<li><a href=\"https:\/\/www.youtube.com\/watch?v=onofTXlhon8&amp;list=PLThrdl2ragonsRwi2d2jMA7wSHZAi1ie-&amp;index=5\"><span data-olk-copy-source=\"MessageBody\">Turbo Pump Care and Use &#8211; Part 1 &#8211; Pump Overview<\/span><\/a><\/li>\n<li><a href=\"https:\/\/www.youtube.com\/watch?v=Y-BRtG1AwdA\"><span data-olk-copy-source=\"MessageBody\">Turbo Pump Care and Use &#8211; Part 2 &#8211; Installation<\/span><\/a><\/li>\n<li><a href=\"https:\/\/www.youtube.com\/watch?v=tBLhkfksV0k\"><span data-olk-copy-source=\"MessageBody\">Turbo Pump Care and Use &#8211; Part 3 &#8211; Startup<\/span><\/a><\/li>\n<li>\u00a0<a href=\"https:\/\/www.youtube.com\/watch?v=5OpyUl0XaZA\">\u200bTurbo Pump Care and Use 101 &#8211; Part 4 &#8211; Normal operation\u00a0<\/a><\/li>\n<li><a href=\"https:\/\/www.youtube.com\/watch?v=g33_NQsTMa0\"><span data-olk-copy-source=\"MessageBody\">Turbo Pump Care and Use 101 &#8211; Part 5 &#8211; Venting and Shutdown<\/span><\/a><\/li>\n<\/ul>\n","protected":false},"featured_media":2699,"comment_status":"open","ping_status":"closed","template":"","meta":[],"product_brand":[],"product_cat":[232,196],"product_tag":[],"class_list":{"0":"post-3350","1":"product","2":"type-product","3":"status-publish","4":"has-post-thumbnail","6":"product_cat-turbopumpe-und-controller","7":"product_cat-vacuum-division-de","8":"has-thumb","10":"first","11":"instock","12":"shipping-taxable","13":"product-type-simple"},"_links":{"self":[{"href":"https:\/\/swissvacuum.com\/de\/wp-json\/wp\/v2\/product\/3350","targetHints":{"allow":["GET"]}}],"collection":[{"href":"https:\/\/swissvacuum.com\/de\/wp-json\/wp\/v2\/product"}],"about":[{"href":"https:\/\/swissvacuum.com\/de\/wp-json\/wp\/v2\/types\/product"}],"replies":[{"embeddable":true,"href":"https:\/\/swissvacuum.com\/de\/wp-json\/wp\/v2\/comments?post=3350"}],"wp:featuredmedia":[{"embeddable":true,"href":"https:\/\/swissvacuum.com\/de\/wp-json\/wp\/v2\/media\/2699"}],"wp:attachment":[{"href":"https:\/\/swissvacuum.com\/de\/wp-json\/wp\/v2\/media?parent=3350"}],"wp:term":[{"taxonomy":"product_brand","embeddable":true,"href":"https:\/\/swissvacuum.com\/de\/wp-json\/wp\/v2\/product_brand?post=3350"},{"taxonomy":"product_cat","embeddable":true,"href":"https:\/\/swissvacuum.com\/de\/wp-json\/wp\/v2\/product_cat?post=3350"},{"taxonomy":"product_tag","embeddable":true,"href":"https:\/\/swissvacuum.com\/de\/wp-json\/wp\/v2\/product_tag?post=3350"}],"curies":[{"name":"wp","href":"https:\/\/api.w.org\/{rel}","templated":true}]}}