{"id":3342,"date":"2024-05-28T08:45:13","date_gmt":"2024-05-28T06:45:13","guid":{"rendered":"https:\/\/swissvacuum.com\/produit\/idp-family\/"},"modified":"2025-06-05T10:05:17","modified_gmt":"2025-06-05T08:05:17","slug":"idp-family","status":"publish","type":"product","link":"https:\/\/swissvacuum.com\/de\/produit\/idp-family\/","title":{"rendered":"IDP Family"},"content":{"rendered":"","protected":false},"excerpt":{"rendered":"<p>Laden Sie es herunter: <span style=\"color: #0d70b3;\"><a style=\"color: #0d70b3;\" href=\"https:\/\/swissvacuum.com\/wp-content\/uploads\/2024\/06\/AGILENT_IDP-Dry-Scroll-Pump-Family.pdf\" target=\"_blank\" rel=\"noopener\">Produktbrosch\u00fcre (PDF)<\/a><\/span> Agilent IDP Spiralgeh\u00e4use-Trockenpumpen-Familie. Bevor ein Produkt den Namen Agilent verdienen kann, muss es zun\u00e4chst unseren kompromisslosen Qualit\u00e4ts- und Leistungsstandards entsprechen. Als wir uns daran machten, unsere Vakuuml\u00f6sungen noch zuverl\u00e4ssiger zu machen, haben wir uns deshalb Zeit genommen, um die Arbeit gut zu machen. Wir haben beobachtet und zugeh\u00f6rt&#8230; und die Herausforderungen des Arbeitsablaufs untersucht, w\u00e4hrend wir uns auf tiefgehendes technisches Fachwissen st\u00fctzten. Und mit jedem Schritt wurden Ihre Ziele zu unseren: Minimierung der Ausfallzeiten, Aufrechterhaltung einer sicheren Arbeitsumgebung und Schaffung des saubersten und trockensten Saugpfads.<\/p>\n<p>&nbsp;<\/p>\n<p>Videos:<\/p>\n<ul>\n<li><u><a id=\"OWAdb73069c-6da5-46d5-541f-6224b68ad4bb\" class=\"OWAAutoLink\" href=\"https:\/\/www.agilent.com\/en\/video\/idp-35-45-dry-scroll-pumps-overview\" data-auth=\"NotApplicable\" data-olk-copy-source=\"MailCompose\">Agilent IDP-35 and IDP-45 Dry Scroll Pumps: Advanced technology for higher-capacity vacuum applications<\/a><\/u><\/li>\n<li><u><a id=\"OWA6c7e56fc-8c56-3e92-adc2-92125dcbd17d\" class=\"OWAAutoLink\" href=\"https:\/\/www.agilent.com\/en\/products\/vacuum-technologies\/primary-medium-vacuum-pumps\/dry-scroll-pumps\/idp-dry-scroll-pumps\/inlet-isolation-valve\" data-auth=\"NotApplicable\" data-olk-copy-source=\"MailCompose\">Agilent IDP Dry Scroll Pump &#8211; Inlet Isolation Valve<\/a><\/u><\/li>\n<li><u><a id=\"OWA4af3ab5c-36c9-e9cc-475c-852915d81fdb\" class=\"OWAAutoLink\" href=\"https:\/\/www.agilent.com\/en\/products\/gas-chromatography\/gc-supplies\/gc-ms-supplies\/idp-oil-free-vacuum-pumps\/step-up-to-agilent-oil-free-pumps\" data-auth=\"NotApplicable\" data-olk-copy-source=\"MailCompose\">Step up to Agilent oil-free pumps<\/a><\/u><\/li>\n<\/ul>\n","protected":false},"featured_media":2609,"comment_status":"open","ping_status":"closed","template":"","meta":[],"product_brand":[],"product_cat":[227,196],"product_tag":[],"class_list":{"0":"post-3342","1":"product","2":"type-product","3":"status-publish","4":"has-post-thumbnail","6":"product_cat-dry-scroll-pumps-de","7":"product_cat-vacuum-division-de","8":"has-thumb","10":"first","11":"instock","12":"shipping-taxable","13":"product-type-simple"},"_links":{"self":[{"href":"https:\/\/swissvacuum.com\/de\/wp-json\/wp\/v2\/product\/3342","targetHints":{"allow":["GET"]}}],"collection":[{"href":"https:\/\/swissvacuum.com\/de\/wp-json\/wp\/v2\/product"}],"about":[{"href":"https:\/\/swissvacuum.com\/de\/wp-json\/wp\/v2\/types\/product"}],"replies":[{"embeddable":true,"href":"https:\/\/swissvacuum.com\/de\/wp-json\/wp\/v2\/comments?post=3342"}],"wp:featuredmedia":[{"embeddable":true,"href":"https:\/\/swissvacuum.com\/de\/wp-json\/wp\/v2\/media\/2609"}],"wp:attachment":[{"href":"https:\/\/swissvacuum.com\/de\/wp-json\/wp\/v2\/media?parent=3342"}],"wp:term":[{"taxonomy":"product_brand","embeddable":true,"href":"https:\/\/swissvacuum.com\/de\/wp-json\/wp\/v2\/product_brand?post=3342"},{"taxonomy":"product_cat","embeddable":true,"href":"https:\/\/swissvacuum.com\/de\/wp-json\/wp\/v2\/product_cat?post=3342"},{"taxonomy":"product_tag","embeddable":true,"href":"https:\/\/swissvacuum.com\/de\/wp-json\/wp\/v2\/product_tag?post=3342"}],"curies":[{"name":"wp","href":"https:\/\/api.w.org\/{rel}","templated":true}]}}