{"id":3333,"date":"2024-05-28T08:49:38","date_gmt":"2024-05-28T06:49:38","guid":{"rendered":"https:\/\/swissvacuum.com\/produit\/diffusion-pump\/"},"modified":"2024-05-28T08:49:38","modified_gmt":"2024-05-28T06:49:38","slug":"diffusion-pump","status":"publish","type":"product","link":"https:\/\/swissvacuum.com\/de\/produit\/diffusion-pump\/","title":{"rendered":"Diffusion Pump"},"content":{"rendered":"","protected":false},"excerpt":{"rendered":"<p>Laden Sie es herunter: <span style=\"color: #0d70b3;\"><a style=\"color: #0d70b3;\" href=\"https:\/\/swissvacuum.com\/wp-content\/uploads\/2024\/06\/AGILENT_Diffusion-Pumps.pdf\" target=\"_blank\" rel=\"noopener\">Produktbrosch\u00fcre (PDF)<\/a><\/span> Varian hat seine Position als weltweit f\u00fchrender Hersteller von Diffusionspumpen dadurch erlangt, dass es auf die Bed\u00fcrfnisse seiner Kunden geh\u00f6rt und die Leistung und Zuverl\u00e4ssigkeit seiner Referenzmodelle st\u00e4ndig verbessert hat. In unserer 40-j\u00e4hrigen Geschichte als Branchenf\u00fchrer haben wir immer Pumpen hergestellt, die die effizienteste Art der Umwandlung von W\u00e4rme in F\u00f6rderleistung bieten.<\/p>\n","protected":false},"featured_media":2564,"comment_status":"open","ping_status":"closed","template":"","meta":[],"product_brand":[],"product_cat":[196],"product_tag":[],"class_list":{"0":"post-3333","1":"product","2":"type-product","3":"status-publish","4":"has-post-thumbnail","6":"product_cat-vacuum-division-de","7":"has-thumb","9":"first","10":"instock","11":"shipping-taxable","12":"product-type-simple"},"_links":{"self":[{"href":"https:\/\/swissvacuum.com\/de\/wp-json\/wp\/v2\/product\/3333","targetHints":{"allow":["GET"]}}],"collection":[{"href":"https:\/\/swissvacuum.com\/de\/wp-json\/wp\/v2\/product"}],"about":[{"href":"https:\/\/swissvacuum.com\/de\/wp-json\/wp\/v2\/types\/product"}],"replies":[{"embeddable":true,"href":"https:\/\/swissvacuum.com\/de\/wp-json\/wp\/v2\/comments?post=3333"}],"wp:featuredmedia":[{"embeddable":true,"href":"https:\/\/swissvacuum.com\/de\/wp-json\/wp\/v2\/media\/2564"}],"wp:attachment":[{"href":"https:\/\/swissvacuum.com\/de\/wp-json\/wp\/v2\/media?parent=3333"}],"wp:term":[{"taxonomy":"product_brand","embeddable":true,"href":"https:\/\/swissvacuum.com\/de\/wp-json\/wp\/v2\/product_brand?post=3333"},{"taxonomy":"product_cat","embeddable":true,"href":"https:\/\/swissvacuum.com\/de\/wp-json\/wp\/v2\/product_cat?post=3333"},{"taxonomy":"product_tag","embeddable":true,"href":"https:\/\/swissvacuum.com\/de\/wp-json\/wp\/v2\/product_tag?post=3333"}],"curies":[{"name":"wp","href":"https:\/\/api.w.org\/{rel}","templated":true}]}}