{"id":3289,"date":"2024-05-28T09:45:33","date_gmt":"2024-05-28T07:45:33","guid":{"rendered":"https:\/\/swissvacuum.com\/produit\/termal-schock-chambers\/"},"modified":"2024-05-28T09:45:33","modified_gmt":"2024-05-28T07:45:33","slug":"termal-schock-chambers","status":"publish","type":"product","link":"https:\/\/swissvacuum.com\/de\/produit\/termal-schock-chambers\/","title":{"rendered":"Termal Schock Chambers"},"content":{"rendered":"","protected":false},"excerpt":{"rendered":"<p>Laden Sie es herunter: <span style=\"color: #0d70b3;\"><a style=\"color: #0d70b3;\" href=\"https:\/\/swissvacuum.com\/wp-content\/uploads\/2024\/06\/3_Thermal_Shock_Chambers.pdf\" target=\"_blank\" rel=\"noopener\">Produktbrosch\u00fcre (PDF)<\/a><\/span><\/p>\n<p>ACS ist stolz darauf, die neue CST130\/2T &#8222;Spinner&#8220;-Thermoschockkammer anzuk\u00fcndigen!<\/p>\n<p>Ein neues Design f\u00fcr eine kompaktere und pr\u00e4zisere, kompaktere und pr\u00e4zisere Ausr\u00fcstung, die jetzt von dem leistungsstarken<br \/>\nund hypervernetzten MyKratos\u2122 angetrieben wird, das die Verwaltung und \u00dcberwachung der Kammer vom Armaturenbrett und von Desktop-\/Mobilger\u00e4ten aus erm\u00f6glicht.<\/p>\n","protected":false},"featured_media":2681,"comment_status":"open","ping_status":"closed","template":"","meta":[],"product_brand":[],"product_cat":[160,183],"product_tag":[],"class_list":{"0":"post-3289","1":"product","2":"type-product","3":"status-publish","4":"has-post-thumbnail","6":"product_cat-testing-division-de","7":"product_cat-thermal-shock-chambers-de","8":"has-thumb","10":"first","11":"instock","12":"shipping-taxable","13":"product-type-simple"},"_links":{"self":[{"href":"https:\/\/swissvacuum.com\/de\/wp-json\/wp\/v2\/product\/3289","targetHints":{"allow":["GET"]}}],"collection":[{"href":"https:\/\/swissvacuum.com\/de\/wp-json\/wp\/v2\/product"}],"about":[{"href":"https:\/\/swissvacuum.com\/de\/wp-json\/wp\/v2\/types\/product"}],"replies":[{"embeddable":true,"href":"https:\/\/swissvacuum.com\/de\/wp-json\/wp\/v2\/comments?post=3289"}],"wp:featuredmedia":[{"embeddable":true,"href":"https:\/\/swissvacuum.com\/de\/wp-json\/wp\/v2\/media\/2681"}],"wp:attachment":[{"href":"https:\/\/swissvacuum.com\/de\/wp-json\/wp\/v2\/media?parent=3289"}],"wp:term":[{"taxonomy":"product_brand","embeddable":true,"href":"https:\/\/swissvacuum.com\/de\/wp-json\/wp\/v2\/product_brand?post=3289"},{"taxonomy":"product_cat","embeddable":true,"href":"https:\/\/swissvacuum.com\/de\/wp-json\/wp\/v2\/product_cat?post=3289"},{"taxonomy":"product_tag","embeddable":true,"href":"https:\/\/swissvacuum.com\/de\/wp-json\/wp\/v2\/product_tag?post=3289"}],"curies":[{"name":"wp","href":"https:\/\/api.w.org\/{rel}","templated":true}]}}