{"id":3283,"date":"2024-05-28T09:45:57","date_gmt":"2024-05-28T07:45:57","guid":{"rendered":"https:\/\/swissvacuum.com\/produit\/vibration-test-chambers\/"},"modified":"2024-05-28T09:45:57","modified_gmt":"2024-05-28T07:45:57","slug":"vibration-test-chambers","status":"publish","type":"product","link":"https:\/\/swissvacuum.com\/de\/produit\/vibration-test-chambers\/","title":{"rendered":"Vibration Test Chambers"},"content":{"rendered":"","protected":false},"excerpt":{"rendered":"<p>Laden Sie es herunter: <span style=\"color: #0d70b3;\"><a style=\"color: #0d70b3;\" href=\"https:\/\/swissvacuum.com\/wp-content\/uploads\/2024\/06\/4_Vibration_Test_Chambers.pdf\" target=\"_blank\" rel=\"noopener\">Produktbrosch\u00fcre (PDF)<\/a><\/span> Kammern f\u00fcr Vibrationstests. ACS ist stolz darauf, die neue Version seiner Standard-Schwingungspr\u00fcfkammern anzuk\u00fcndigen. Neben den bekannten Hauptmerkmalen &#8211; hervorragende Grundkonfiguration, Flexibilit\u00e4t, einfache Anpassung an jeden Sch\u00fcttler &#8211; sind diese Kammern nun mit dem neuen, hochmodernen Kontrollsystem MyKratos\u2122 ausgestattet, das es erm\u00f6glicht, die Kammer \u00fcberall und jederzeit von mobilen und Desktop-Ger\u00e4ten mit Wi-Fi-, Ethernet- oder mobilen Netzwerkverbindungen zu verwalten, zu \u00fcberwachen und zu unterst\u00fctzen. Diese Zimmerlinie ist in thermostatischer (nur Temperatur) und klimatischer (Temperatur und Luftfeuchtigkeit) Ausf\u00fchrung erh\u00e4ltlich.<\/p>\n","protected":false},"featured_media":2711,"comment_status":"open","ping_status":"closed","template":"","meta":[],"product_brand":[],"product_cat":[160,177],"product_tag":[],"class_list":{"0":"post-3283","1":"product","2":"type-product","3":"status-publish","4":"has-post-thumbnail","6":"product_cat-testing-division-de","7":"product_cat-vibration-test-chambers-de","8":"has-thumb","10":"first","11":"instock","12":"shipping-taxable","13":"product-type-simple"},"_links":{"self":[{"href":"https:\/\/swissvacuum.com\/de\/wp-json\/wp\/v2\/product\/3283","targetHints":{"allow":["GET"]}}],"collection":[{"href":"https:\/\/swissvacuum.com\/de\/wp-json\/wp\/v2\/product"}],"about":[{"href":"https:\/\/swissvacuum.com\/de\/wp-json\/wp\/v2\/types\/product"}],"replies":[{"embeddable":true,"href":"https:\/\/swissvacuum.com\/de\/wp-json\/wp\/v2\/comments?post=3283"}],"wp:featuredmedia":[{"embeddable":true,"href":"https:\/\/swissvacuum.com\/de\/wp-json\/wp\/v2\/media\/2711"}],"wp:attachment":[{"href":"https:\/\/swissvacuum.com\/de\/wp-json\/wp\/v2\/media?parent=3283"}],"wp:term":[{"taxonomy":"product_brand","embeddable":true,"href":"https:\/\/swissvacuum.com\/de\/wp-json\/wp\/v2\/product_brand?post=3283"},{"taxonomy":"product_cat","embeddable":true,"href":"https:\/\/swissvacuum.com\/de\/wp-json\/wp\/v2\/product_cat?post=3283"},{"taxonomy":"product_tag","embeddable":true,"href":"https:\/\/swissvacuum.com\/de\/wp-json\/wp\/v2\/product_tag?post=3283"}],"curies":[{"name":"wp","href":"https:\/\/api.w.org\/{rel}","templated":true}]}}