{"id":3280,"date":"2024-05-28T09:48:07","date_gmt":"2024-05-28T07:48:07","guid":{"rendered":"https:\/\/swissvacuum.com\/produit\/automotive-test-solutions\/"},"modified":"2024-05-28T09:48:07","modified_gmt":"2024-05-28T07:48:07","slug":"automotive-test-solutions","status":"publish","type":"product","link":"https:\/\/swissvacuum.com\/de\/produit\/automotive-test-solutions\/","title":{"rendered":"Automotive Test Solutions"},"content":{"rendered":"","protected":false},"excerpt":{"rendered":"<p>Laden Sie es herunter: <span style=\"color: #0d70b3;\"><a style=\"color: #0d70b3;\" href=\"https:\/\/swissvacuum.com\/wp-content\/uploads\/2024\/06\/Automotive-Test-Solutions.pdf\" target=\"_blank\" rel=\"noopener\">Produktbrosch\u00fcre (PDF)<\/a><\/span> In der Automobilindustrie werden die Standards im Interesse der Verbraucher und der Allgemeinheit st\u00e4ndig \u00fcberarbeitet (\u00fcberarbeitet und angepasst), um den Anforderungen neuer technologischer Entwicklungen gerecht zu werden. Mit den Standard- und kundenspezifischen Produkten von ACS k\u00f6nnen die unterschiedlichsten Umwelttestbedingungen simuliert werden, um die Wiederholbarkeit der Tests zu gew\u00e4hrleisten und gleichzeitig ein H\u00f6chstma\u00df an Genauigkeit zu bieten. Seit \u00fcber 50 Jahren entwirft und produziert ACS Pr\u00fcfger\u00e4te f\u00fcr eine Vielzahl von Pr\u00fcfanwendungen.<\/p>\n","protected":false},"featured_media":2738,"comment_status":"open","ping_status":"closed","template":"","meta":[],"product_brand":[],"product_cat":[174,160],"product_tag":[],"class_list":{"0":"post-3280","1":"product","2":"type-product","3":"status-publish","4":"has-post-thumbnail","6":"product_cat-automotive-test-solutions-de","7":"product_cat-testing-division-de","8":"has-thumb","10":"first","11":"instock","12":"shipping-taxable","13":"product-type-simple"},"_links":{"self":[{"href":"https:\/\/swissvacuum.com\/de\/wp-json\/wp\/v2\/product\/3280","targetHints":{"allow":["GET"]}}],"collection":[{"href":"https:\/\/swissvacuum.com\/de\/wp-json\/wp\/v2\/product"}],"about":[{"href":"https:\/\/swissvacuum.com\/de\/wp-json\/wp\/v2\/types\/product"}],"replies":[{"embeddable":true,"href":"https:\/\/swissvacuum.com\/de\/wp-json\/wp\/v2\/comments?post=3280"}],"wp:featuredmedia":[{"embeddable":true,"href":"https:\/\/swissvacuum.com\/de\/wp-json\/wp\/v2\/media\/2738"}],"wp:attachment":[{"href":"https:\/\/swissvacuum.com\/de\/wp-json\/wp\/v2\/media?parent=3280"}],"wp:term":[{"taxonomy":"product_brand","embeddable":true,"href":"https:\/\/swissvacuum.com\/de\/wp-json\/wp\/v2\/product_brand?post=3280"},{"taxonomy":"product_cat","embeddable":true,"href":"https:\/\/swissvacuum.com\/de\/wp-json\/wp\/v2\/product_cat?post=3280"},{"taxonomy":"product_tag","embeddable":true,"href":"https:\/\/swissvacuum.com\/de\/wp-json\/wp\/v2\/product_tag?post=3280"}],"curies":[{"name":"wp","href":"https:\/\/api.w.org\/{rel}","templated":true}]}}