{"id":3273,"date":"2024-05-28T09:49:36","date_gmt":"2024-05-28T07:49:36","guid":{"rendered":"https:\/\/swissvacuum.com\/produit\/modular-walk-in-chambers\/"},"modified":"2024-05-28T09:49:36","modified_gmt":"2024-05-28T07:49:36","slug":"modular-walk-in-chambers","status":"publish","type":"product","link":"https:\/\/swissvacuum.com\/de\/produit\/modular-walk-in-chambers\/","title":{"rendered":"Modular Walk-in Chambers"},"content":{"rendered":"","protected":false},"excerpt":{"rendered":"<p>Laden Sie es herunter: <span style=\"color: #0d70b3;\"><a style=\"color: #0d70b3;\" href=\"https:\/\/swissvacuum.com\/wp-content\/uploads\/2024\/06\/9_Modular-Walk-in-Chambers.pdf\" target=\"_blank\" rel=\"noopener\">Produktbrosch\u00fcre (PDF)<\/a><\/span><\/p>\n<p>ACS ist stolz darauf, die neue Version seiner modularen Standardzimmer anzuk\u00fcndigen.<\/p>\n<p>Neben den bekannten Schl\u00fcsselmerkmalen &#8211; Modularit\u00e4t, Flexibilit\u00e4t, einfache Montage &#8211; sind diese Zimmer nun mit dem neuen, hochmodernen Kontrollsystem MyKratos\u2122 ausgestattet, das die Verwaltung, \u00dcberwachung und Unterst\u00fctzung des Zimmers von Mobil- und B\u00fcroger\u00e4ten aus \u00fcber Wi-Fi-, Ethernet- oder mobile Netzwerkverbindungen erm\u00f6glicht.<\/p>\n<p>Diese Zimmerserie wird in thermostatischer (nur Temperatur) und klimatischer (Temperatur und Luftfeuchtigkeit) Ausf\u00fchrung angeboten.<\/p>\n","protected":false},"featured_media":2648,"comment_status":"open","ping_status":"closed","template":"","meta":[],"product_brand":[],"product_cat":[168,160],"product_tag":[],"class_list":{"0":"post-3273","1":"product","2":"type-product","3":"status-publish","4":"has-post-thumbnail","6":"product_cat-modular-walk-in-chambers-de","7":"product_cat-testing-division-de","8":"has-thumb","10":"first","11":"instock","12":"shipping-taxable","13":"product-type-simple"},"_links":{"self":[{"href":"https:\/\/swissvacuum.com\/de\/wp-json\/wp\/v2\/product\/3273","targetHints":{"allow":["GET"]}}],"collection":[{"href":"https:\/\/swissvacuum.com\/de\/wp-json\/wp\/v2\/product"}],"about":[{"href":"https:\/\/swissvacuum.com\/de\/wp-json\/wp\/v2\/types\/product"}],"replies":[{"embeddable":true,"href":"https:\/\/swissvacuum.com\/de\/wp-json\/wp\/v2\/comments?post=3273"}],"wp:featuredmedia":[{"embeddable":true,"href":"https:\/\/swissvacuum.com\/de\/wp-json\/wp\/v2\/media\/2648"}],"wp:attachment":[{"href":"https:\/\/swissvacuum.com\/de\/wp-json\/wp\/v2\/media?parent=3273"}],"wp:term":[{"taxonomy":"product_brand","embeddable":true,"href":"https:\/\/swissvacuum.com\/de\/wp-json\/wp\/v2\/product_brand?post=3273"},{"taxonomy":"product_cat","embeddable":true,"href":"https:\/\/swissvacuum.com\/de\/wp-json\/wp\/v2\/product_cat?post=3273"},{"taxonomy":"product_tag","embeddable":true,"href":"https:\/\/swissvacuum.com\/de\/wp-json\/wp\/v2\/product_tag?post=3273"}],"curies":[{"name":"wp","href":"https:\/\/api.w.org\/{rel}","templated":true}]}}