{"id":3254,"date":"2024-05-28T09:52:52","date_gmt":"2024-05-28T07:52:52","guid":{"rendered":"https:\/\/swissvacuum.com\/produit\/stability-test-chambers\/"},"modified":"2025-06-12T15:01:22","modified_gmt":"2025-06-12T13:01:22","slug":"stability-test-chambers","status":"publish","type":"product","link":"https:\/\/swissvacuum.com\/de\/produit\/stability-test-chambers\/","title":{"rendered":"Stability Test Chambers"},"content":{"rendered":"","protected":false},"excerpt":{"rendered":"<p>&nbsp;<\/p>\n<p>Stabilit\u00e4tstests f\u00fcr Arzneimittel (durchgef\u00fchrt gem\u00e4\u00df ICH-Richtlinien f\u00fcr Stabilit\u00e4tsstudien), Stabilit\u00e4tstests f\u00fcr Kosmetika, Haltbarkeitstests f\u00fcr Lebensmittel, Alterungstests f\u00fcr elektronische Bauteile, Stabilit\u00e4tstests f\u00fcr Verpackungsmaterialien.<\/p>\n<p>&nbsp;<\/p>\n<p>Laden Sie es herunter: <span style=\"color: #0d70b3;\"><a style=\"color: #0d70b3;\" href=\"https:\/\/swissvacuum.com\/wp-content\/uploads\/2025\/06\/Climate-Chamber-HHS-256-506-756-2025.05.07.pdf\" target=\"_blank\" rel=\"noopener\">Produktbrosch\u00fcre (PDF)<\/a><\/span><\/p>\n","protected":false},"featured_media":4504,"comment_status":"open","ping_status":"closed","template":"","meta":[],"product_brand":[],"product_cat":[101,145],"product_tag":[],"class_list":{"0":"post-3254","1":"product","2":"type-product","3":"status-publish","4":"has-post-thumbnail","6":"product_cat-life-science-division-de","7":"product_cat-stability-test-chambers-de","8":"has-thumb","10":"first","11":"instock","12":"shipping-taxable","13":"product-type-simple"},"_links":{"self":[{"href":"https:\/\/swissvacuum.com\/de\/wp-json\/wp\/v2\/product\/3254","targetHints":{"allow":["GET"]}}],"collection":[{"href":"https:\/\/swissvacuum.com\/de\/wp-json\/wp\/v2\/product"}],"about":[{"href":"https:\/\/swissvacuum.com\/de\/wp-json\/wp\/v2\/types\/product"}],"replies":[{"embeddable":true,"href":"https:\/\/swissvacuum.com\/de\/wp-json\/wp\/v2\/comments?post=3254"}],"wp:featuredmedia":[{"embeddable":true,"href":"https:\/\/swissvacuum.com\/de\/wp-json\/wp\/v2\/media\/4504"}],"wp:attachment":[{"href":"https:\/\/swissvacuum.com\/de\/wp-json\/wp\/v2\/media?parent=3254"}],"wp:term":[{"taxonomy":"product_brand","embeddable":true,"href":"https:\/\/swissvacuum.com\/de\/wp-json\/wp\/v2\/product_brand?post=3254"},{"taxonomy":"product_cat","embeddable":true,"href":"https:\/\/swissvacuum.com\/de\/wp-json\/wp\/v2\/product_cat?post=3254"},{"taxonomy":"product_tag","embeddable":true,"href":"https:\/\/swissvacuum.com\/de\/wp-json\/wp\/v2\/product_tag?post=3254"}],"curies":[{"name":"wp","href":"https:\/\/api.w.org\/{rel}","templated":true}]}}