{"id":3246,"date":"2024-05-28T09:55:08","date_gmt":"2024-05-28T07:55:08","guid":{"rendered":"https:\/\/swissvacuum.com\/produit\/86c-twin-kuehlsystem\/"},"modified":"2024-05-28T09:55:08","modified_gmt":"2024-05-28T07:55:08","slug":"86c-twin-kuehlsystem","status":"publish","type":"product","link":"https:\/\/swissvacuum.com\/de\/produit\/86c-twin-kuehlsystem\/","title":{"rendered":"-86\u00b0C Twin-K\u00fchlsystem"},"content":{"rendered":"","protected":false},"excerpt":{"rendered":"<p>Laden Sie es herunter: <span style=\"color: #0d70b3;\"><a style=\"color: #0d70b3;\" href=\"https:\/\/swissvacuum.com\/wp-content\/uploads\/2024\/06\/HAIER_TwinCool-ULT-flyer-5.19.pdf\" target=\"_blank\" rel=\"noopener\">Produktbrosch\u00fcre (PDF)<\/a><\/span> Der TwinCool ULT Gefrierschrank kann f\u00fcr die Lagerung und den Schutz wertvoller Proben verwendet werden, die strenge und kontinuierliche Lagerungsbedingungen erfordern. Er ist so konzipiert, dass er auch bei einem Ausfall des Kompressors funktioniert. Es eignet sich f\u00fcr Viren, Krankheitserreger, Blutzellen und andere Anwendungen zur Kaltlagerung von biologischen Proben in Krankenh\u00e4usern, bei der Krankheitsbek\u00e4mpfung, in Forschungsinstituten und in der biomedizinischen Technik. Sie werden auch zur Lagerung von Spezialmaterialien und anderen Produkten in der Elektronik- und Chemieindustrie verwendet.<\/p>\n","protected":false},"featured_media":2720,"comment_status":"open","ping_status":"closed","template":"","meta":[],"product_brand":[],"product_cat":[101,140],"product_tag":[],"class_list":{"0":"post-3246","1":"product","2":"type-product","3":"status-publish","4":"has-post-thumbnail","6":"product_cat-life-science-division-de","7":"product_cat-ultra-freezers-twincool-technology-de","8":"has-thumb","10":"first","11":"instock","12":"shipping-taxable","13":"product-type-simple"},"_links":{"self":[{"href":"https:\/\/swissvacuum.com\/de\/wp-json\/wp\/v2\/product\/3246","targetHints":{"allow":["GET"]}}],"collection":[{"href":"https:\/\/swissvacuum.com\/de\/wp-json\/wp\/v2\/product"}],"about":[{"href":"https:\/\/swissvacuum.com\/de\/wp-json\/wp\/v2\/types\/product"}],"replies":[{"embeddable":true,"href":"https:\/\/swissvacuum.com\/de\/wp-json\/wp\/v2\/comments?post=3246"}],"wp:featuredmedia":[{"embeddable":true,"href":"https:\/\/swissvacuum.com\/de\/wp-json\/wp\/v2\/media\/2720"}],"wp:attachment":[{"href":"https:\/\/swissvacuum.com\/de\/wp-json\/wp\/v2\/media?parent=3246"}],"wp:term":[{"taxonomy":"product_brand","embeddable":true,"href":"https:\/\/swissvacuum.com\/de\/wp-json\/wp\/v2\/product_brand?post=3246"},{"taxonomy":"product_cat","embeddable":true,"href":"https:\/\/swissvacuum.com\/de\/wp-json\/wp\/v2\/product_cat?post=3246"},{"taxonomy":"product_tag","embeddable":true,"href":"https:\/\/swissvacuum.com\/de\/wp-json\/wp\/v2\/product_tag?post=3246"}],"curies":[{"name":"wp","href":"https:\/\/api.w.org\/{rel}","templated":true}]}}