{"id":3238,"date":"2024-05-28T09:56:57","date_gmt":"2024-05-28T07:56:57","guid":{"rendered":"https:\/\/swissvacuum.com\/produit\/co2-inkubatoren\/"},"modified":"2024-05-28T09:56:57","modified_gmt":"2024-05-28T07:56:57","slug":"co2-inkubatoren","status":"publish","type":"product","link":"https:\/\/swissvacuum.com\/de\/produit\/co2-inkubatoren\/","title":{"rendered":"CO2-Inkubatoren"},"content":{"rendered":"","protected":false},"excerpt":{"rendered":"<p>Laden Sie es herunter: <span style=\"color: #0d70b3;\"><a style=\"color: #0d70b3;\" href=\"https:\/\/swissvacuum.com\/wp-content\/uploads\/2024\/06\/HAIER_CO2-incubators.pdf\" target=\"_blank\" rel=\"noopener\">Produktbrosch\u00fcre (PDF)<\/a><\/span><\/p>\n<p>Der Haier Biomedical IoT CO2-Inkubator mit Trockensterilisation bei 180\u00b0C bietet eine sichere und reproduzierbare Wachstumsumgebung f\u00fcr Zellkulturen.<\/p>\n<p>Produktmerkmale: Gleichm\u00e4\u00dfige und stabile Temperatur Pr\u00e4zise CO2-Konzentration Trockensterilisation bei 180\u00b0C IoT-APP f\u00fcr Echtzeit\u00fcberwachung verf\u00fcgbar (optional)<\/p>\n","protected":false},"featured_media":2744,"comment_status":"open","ping_status":"closed","template":"","meta":[],"product_brand":[],"product_cat":[133,101],"product_tag":[],"class_list":{"0":"post-3238","1":"product","2":"type-product","3":"status-publish","4":"has-post-thumbnail","6":"product_cat-co2-inkubatoren","7":"product_cat-life-science-division-de","8":"has-thumb","10":"first","11":"instock","12":"shipping-taxable","13":"product-type-simple"},"_links":{"self":[{"href":"https:\/\/swissvacuum.com\/de\/wp-json\/wp\/v2\/product\/3238","targetHints":{"allow":["GET"]}}],"collection":[{"href":"https:\/\/swissvacuum.com\/de\/wp-json\/wp\/v2\/product"}],"about":[{"href":"https:\/\/swissvacuum.com\/de\/wp-json\/wp\/v2\/types\/product"}],"replies":[{"embeddable":true,"href":"https:\/\/swissvacuum.com\/de\/wp-json\/wp\/v2\/comments?post=3238"}],"wp:featuredmedia":[{"embeddable":true,"href":"https:\/\/swissvacuum.com\/de\/wp-json\/wp\/v2\/media\/2744"}],"wp:attachment":[{"href":"https:\/\/swissvacuum.com\/de\/wp-json\/wp\/v2\/media?parent=3238"}],"wp:term":[{"taxonomy":"product_brand","embeddable":true,"href":"https:\/\/swissvacuum.com\/de\/wp-json\/wp\/v2\/product_brand?post=3238"},{"taxonomy":"product_cat","embeddable":true,"href":"https:\/\/swissvacuum.com\/de\/wp-json\/wp\/v2\/product_cat?post=3238"},{"taxonomy":"product_tag","embeddable":true,"href":"https:\/\/swissvacuum.com\/de\/wp-json\/wp\/v2\/product_tag?post=3238"}],"curies":[{"name":"wp","href":"https:\/\/api.w.org\/{rel}","templated":true}]}}