{"id":3235,"date":"2024-05-28T09:57:33","date_gmt":"2024-05-28T07:57:33","guid":{"rendered":"https:\/\/swissvacuum.com\/produit\/lyo-beta\/"},"modified":"2024-05-28T09:57:33","modified_gmt":"2024-05-28T07:57:33","slug":"lyo-beta","status":"publish","type":"product","link":"https:\/\/swissvacuum.com\/de\/produit\/lyo-beta\/","title":{"rendered":"Lyo Beta"},"content":{"rendered":"","protected":false},"excerpt":{"rendered":"<p>Laden Sie es herunter: <span style=\"color: #0d70b3;\"><a style=\"color: #0d70b3;\" href=\"https:\/\/swissvacuum.com\/wp-content\/uploads\/2024\/06\/TELSTAR_Catalog_Lyobeta_EN.pdf\" target=\"_blank\" rel=\"noopener\">Produktbrosch\u00fcre (PDF)<\/a><\/span> Gefriertrockner f\u00fcr R+D. Die neuen Anforderungen an F&amp;E-Zentren beziehen sich auf die Durchf\u00fchrbarkeit der Skalierung und die Qualit\u00e4t der Forschungsverfahren und -methoden. Die Ermittler der FDA sind der Ansicht, dass der Technologietransfer von den F&amp;E-Abteilungen zu den klinischen Versuchen und sp\u00e4ter zur kommerziellen Produktion h\u00e4ufig mit mangelnder Gr\u00fcndlichkeit und schlechten Dokumentationspraktiken durchgef\u00fchrt wird. Aus diesem Grund betonen sie das Konzept von cGMP als Mittel zur Qualit\u00e4tskontrolle, das alle Praktiken in den Forschungs- und Entwicklungs- und Produktionsprozessen umfasst. Die neuen Gefriertrockner der LyoBeta-Serie sind Laboreinheiten, die speziell f\u00fcr fortgeschrittene Forschungszentren entwickelt wurden, da die anf\u00e4ngliche Entwicklung neuer Medikamente eine der kritischsten Fragen f\u00fcr ihren endg\u00fcltigen kommerziellen Erfolg ist.<\/p>\n","protected":false},"featured_media":2621,"comment_status":"open","ping_status":"closed","template":"","meta":[],"product_brand":[],"product_cat":[123,101],"product_tag":[],"class_list":{"0":"post-3235","1":"product","2":"type-product","3":"status-publish","4":"has-post-thumbnail","6":"product_cat-freeze-dryers-de","7":"product_cat-life-science-division-de","8":"has-thumb","10":"first","11":"instock","12":"shipping-taxable","13":"product-type-simple"},"_links":{"self":[{"href":"https:\/\/swissvacuum.com\/de\/wp-json\/wp\/v2\/product\/3235","targetHints":{"allow":["GET"]}}],"collection":[{"href":"https:\/\/swissvacuum.com\/de\/wp-json\/wp\/v2\/product"}],"about":[{"href":"https:\/\/swissvacuum.com\/de\/wp-json\/wp\/v2\/types\/product"}],"replies":[{"embeddable":true,"href":"https:\/\/swissvacuum.com\/de\/wp-json\/wp\/v2\/comments?post=3235"}],"wp:featuredmedia":[{"embeddable":true,"href":"https:\/\/swissvacuum.com\/de\/wp-json\/wp\/v2\/media\/2621"}],"wp:attachment":[{"href":"https:\/\/swissvacuum.com\/de\/wp-json\/wp\/v2\/media?parent=3235"}],"wp:term":[{"taxonomy":"product_brand","embeddable":true,"href":"https:\/\/swissvacuum.com\/de\/wp-json\/wp\/v2\/product_brand?post=3235"},{"taxonomy":"product_cat","embeddable":true,"href":"https:\/\/swissvacuum.com\/de\/wp-json\/wp\/v2\/product_cat?post=3235"},{"taxonomy":"product_tag","embeddable":true,"href":"https:\/\/swissvacuum.com\/de\/wp-json\/wp\/v2\/product_tag?post=3235"}],"curies":[{"name":"wp","href":"https:\/\/api.w.org\/{rel}","templated":true}]}}