{"id":3228,"date":"2024-05-28T09:58:32","date_gmt":"2024-05-28T07:58:32","guid":{"rendered":"https:\/\/swissvacuum.com\/produit\/steam-sterilization-autoklaven\/"},"modified":"2024-05-28T09:58:32","modified_gmt":"2024-05-28T07:58:32","slug":"steam-sterilization-autoklaven","status":"publish","type":"product","link":"https:\/\/swissvacuum.com\/de\/produit\/steam-sterilization-autoklaven\/","title":{"rendered":"Steam Sterilization Autoklaven"},"content":{"rendered":"","protected":false},"excerpt":{"rendered":"<p>Laden Sie es herunter: <span style=\"color: #0d70b3;\"><a style=\"color: #0d70b3;\" href=\"https:\/\/swissvacuum.com\/wp-content\/uploads\/2024\/06\/TELSTAR_Catalog_SteriMega.pdf\" target=\"_blank\" rel=\"noopener\">Produktbrosch\u00fcre (PDF)<\/a><\/span><\/p>\n<p>Dampfsterilisation Autoklaven.<\/p>\n<p>Seit mehr als 30 Jahren entwickelt Telstar Sterilisationssysteme f\u00fcr die Pharmaindustrie und medizinische Ger\u00e4te sowie f\u00fcr Forschungs- und Entwicklungslabors und Tierhandlungen.<\/p>\n<p>Wir haben unsere Erfahrung auf cGMP-konforme Sterilisationsger\u00e4te konzentriert und sind heute einer der Marktf\u00fchrer und Vorreiter in diesem Segment auf globaler Ebene.<\/p>\n","protected":false},"featured_media":2678,"comment_status":"open","ping_status":"closed","template":"","meta":[],"product_brand":[],"product_cat":[127,101],"product_tag":[],"class_list":{"0":"post-3228","1":"product","2":"type-product","3":"status-publish","4":"has-post-thumbnail","6":"product_cat-gmp-autoklaven","7":"product_cat-life-science-division-de","8":"has-thumb","10":"first","11":"instock","12":"shipping-taxable","13":"product-type-simple"},"_links":{"self":[{"href":"https:\/\/swissvacuum.com\/de\/wp-json\/wp\/v2\/product\/3228","targetHints":{"allow":["GET"]}}],"collection":[{"href":"https:\/\/swissvacuum.com\/de\/wp-json\/wp\/v2\/product"}],"about":[{"href":"https:\/\/swissvacuum.com\/de\/wp-json\/wp\/v2\/types\/product"}],"replies":[{"embeddable":true,"href":"https:\/\/swissvacuum.com\/de\/wp-json\/wp\/v2\/comments?post=3228"}],"wp:featuredmedia":[{"embeddable":true,"href":"https:\/\/swissvacuum.com\/de\/wp-json\/wp\/v2\/media\/2678"}],"wp:attachment":[{"href":"https:\/\/swissvacuum.com\/de\/wp-json\/wp\/v2\/media?parent=3228"}],"wp:term":[{"taxonomy":"product_brand","embeddable":true,"href":"https:\/\/swissvacuum.com\/de\/wp-json\/wp\/v2\/product_brand?post=3228"},{"taxonomy":"product_cat","embeddable":true,"href":"https:\/\/swissvacuum.com\/de\/wp-json\/wp\/v2\/product_cat?post=3228"},{"taxonomy":"product_tag","embeddable":true,"href":"https:\/\/swissvacuum.com\/de\/wp-json\/wp\/v2\/product_tag?post=3228"}],"curies":[{"name":"wp","href":"https:\/\/api.w.org\/{rel}","templated":true}]}}