{"id":3223,"date":"2024-05-28T09:58:09","date_gmt":"2024-05-28T07:58:09","guid":{"rendered":"https:\/\/swissvacuum.com\/produit\/lyo-alpha\/"},"modified":"2024-05-28T09:58:09","modified_gmt":"2024-05-28T07:58:09","slug":"lyo-alpha","status":"publish","type":"product","link":"https:\/\/swissvacuum.com\/de\/produit\/lyo-alpha\/","title":{"rendered":"Lyo Alpha"},"content":{"rendered":"","protected":false},"excerpt":{"rendered":"<p>Laden Sie es herunter: <span style=\"color: #0d70b3;\"><a style=\"color: #0d70b3;\" href=\"https:\/\/swissvacuum.com\/wp-content\/uploads\/2024\/06\/TELSTAR_Catalog_LyoAlfa.pdf\" target=\"_blank\" rel=\"noopener\">Produktbrosch\u00fcre (PDF)<\/a><\/span> Gefriertrockner f\u00fcr Laboratorien. Die optimale L\u00f6sung f\u00fcr Labore: Mit mehr als 45 Jahren Erfahrung pr\u00e4sentiert Telstar das neue LyoAlfa-Ger\u00e4t, das sich besonders f\u00fcr Forschungsabteilungen eignet, die gro\u00dfe Gefriertrocknungskapazit\u00e4ten ben\u00f6tigen. Diese Laboranlage ist besonders f\u00fcr F&amp;E-Zentren in der Industrie, an Universit\u00e4ten, Krankenh\u00e4usern und wissenschaftlichen Instituten geeignet. Es wurde nach den GLP-Prinzipien entwickelt, um die strengsten internationalen Standards zu erf\u00fcllen. Dieses Modell verf\u00fcgt \u00fcber eine einzigartige, hochkar\u00e4tige Kontrollleistung und hervorragende technische Eigenschaften.<\/p>\n","protected":false},"featured_media":2615,"comment_status":"open","ping_status":"closed","template":"","meta":[],"product_brand":[],"product_cat":[123,101],"product_tag":[],"class_list":{"0":"post-3223","1":"product","2":"type-product","3":"status-publish","4":"has-post-thumbnail","6":"product_cat-freeze-dryers-de","7":"product_cat-life-science-division-de","8":"has-thumb","10":"first","11":"instock","12":"shipping-taxable","13":"product-type-simple"},"_links":{"self":[{"href":"https:\/\/swissvacuum.com\/de\/wp-json\/wp\/v2\/product\/3223","targetHints":{"allow":["GET"]}}],"collection":[{"href":"https:\/\/swissvacuum.com\/de\/wp-json\/wp\/v2\/product"}],"about":[{"href":"https:\/\/swissvacuum.com\/de\/wp-json\/wp\/v2\/types\/product"}],"replies":[{"embeddable":true,"href":"https:\/\/swissvacuum.com\/de\/wp-json\/wp\/v2\/comments?post=3223"}],"wp:featuredmedia":[{"embeddable":true,"href":"https:\/\/swissvacuum.com\/de\/wp-json\/wp\/v2\/media\/2615"}],"wp:attachment":[{"href":"https:\/\/swissvacuum.com\/de\/wp-json\/wp\/v2\/media?parent=3223"}],"wp:term":[{"taxonomy":"product_brand","embeddable":true,"href":"https:\/\/swissvacuum.com\/de\/wp-json\/wp\/v2\/product_brand?post=3223"},{"taxonomy":"product_cat","embeddable":true,"href":"https:\/\/swissvacuum.com\/de\/wp-json\/wp\/v2\/product_cat?post=3223"},{"taxonomy":"product_tag","embeddable":true,"href":"https:\/\/swissvacuum.com\/de\/wp-json\/wp\/v2\/product_tag?post=3223"}],"curies":[{"name":"wp","href":"https:\/\/api.w.org\/{rel}","templated":true}]}}