{"id":3215,"date":"2024-05-28T09:59:07","date_gmt":"2024-05-28T07:59:07","guid":{"rendered":"https:\/\/swissvacuum.com\/produit\/ducted-fume-hood\/"},"modified":"2024-05-28T09:59:07","modified_gmt":"2024-05-28T07:59:07","slug":"ducted-fume-hood","status":"publish","type":"product","link":"https:\/\/swissvacuum.com\/de\/produit\/ducted-fume-hood\/","title":{"rendered":"Ducted Fume Hood"},"content":{"rendered":"","protected":false},"excerpt":{"rendered":"<p>Laden Sie es herunter: <span style=\"color: #0d70b3;\"><a style=\"color: #0d70b3;\" href=\"https:\/\/swissvacuum.com\/wp-content\/uploads\/2024\/06\/Ducted-Fumehood_Brochure_A4_vF_LR_101321.pdf\" target=\"_blank\" rel=\"noopener\">Produktbrosch\u00fcre (PDF)<\/a><\/span> Laborabzugshauben, die perfekte L\u00f6sung f\u00fcr Ihre Anforderungen an die Rauchabschirmung. Abz\u00fcge sind die wichtigste Methode zur Kontrolle der Exposition im Labor. Ihre Bedeutung sollte nicht untersch\u00e4tzt werden, wenn es darum geht, alle vor der Exposition gegen\u00fcber giftigen Chemikalien zu sch\u00fctzen. Im Bereich der Laborsicherheit bietet Esco die gr\u00f6\u00dfte Auswahl an spezialisierten Abz\u00fcgen auf dem Markt. Esco stellt eine gro\u00dfe Auswahl an Gr\u00f6\u00dfen und Konfigurationen her, um sicherzustellen, dass es immer eine Esco-Abzugshaube gibt, die dem von Ihnen ben\u00f6tigten Schutzniveau entspricht.<\/p>\n","protected":false},"featured_media":2579,"comment_status":"open","ping_status":"closed","template":"","meta":[],"product_brand":[],"product_cat":[118,101],"product_tag":[],"class_list":{"0":"post-3215","1":"product","2":"type-product","3":"status-publish","4":"has-post-thumbnail","6":"product_cat-fume-hood-kabinette","7":"product_cat-life-science-division-de","8":"has-thumb","10":"first","11":"instock","12":"shipping-taxable","13":"product-type-simple"},"_links":{"self":[{"href":"https:\/\/swissvacuum.com\/de\/wp-json\/wp\/v2\/product\/3215","targetHints":{"allow":["GET"]}}],"collection":[{"href":"https:\/\/swissvacuum.com\/de\/wp-json\/wp\/v2\/product"}],"about":[{"href":"https:\/\/swissvacuum.com\/de\/wp-json\/wp\/v2\/types\/product"}],"replies":[{"embeddable":true,"href":"https:\/\/swissvacuum.com\/de\/wp-json\/wp\/v2\/comments?post=3215"}],"wp:featuredmedia":[{"embeddable":true,"href":"https:\/\/swissvacuum.com\/de\/wp-json\/wp\/v2\/media\/2579"}],"wp:attachment":[{"href":"https:\/\/swissvacuum.com\/de\/wp-json\/wp\/v2\/media?parent=3215"}],"wp:term":[{"taxonomy":"product_brand","embeddable":true,"href":"https:\/\/swissvacuum.com\/de\/wp-json\/wp\/v2\/product_brand?post=3215"},{"taxonomy":"product_cat","embeddable":true,"href":"https:\/\/swissvacuum.com\/de\/wp-json\/wp\/v2\/product_cat?post=3215"},{"taxonomy":"product_tag","embeddable":true,"href":"https:\/\/swissvacuum.com\/de\/wp-json\/wp\/v2\/product_tag?post=3215"}],"curies":[{"name":"wp","href":"https:\/\/api.w.org\/{rel}","templated":true}]}}