{"id":3207,"date":"2024-05-28T10:00:38","date_gmt":"2024-05-28T08:00:38","guid":{"rendered":"https:\/\/swissvacuum.com\/produit\/gekuehlt-zentrifuge\/"},"modified":"2024-05-28T10:00:38","modified_gmt":"2024-05-28T08:00:38","slug":"gekuehlt-zentrifuge","status":"publish","type":"product","link":"https:\/\/swissvacuum.com\/de\/produit\/gekuehlt-zentrifuge\/","title":{"rendered":"Gek\u00fchlt Zentrifuge"},"content":{"rendered":"","protected":false},"excerpt":{"rendered":"<p>Laden Sie es herunter: <span style=\"color: #0d70b3;\"><a style=\"color: #0d70b3;\" href=\"https:\/\/swissvacuum.com\/wp-content\/uploads\/2024\/06\/9010262_Versati_Centrifuge_Brochure_A4_vM_LR_100821-1.pdf\" target=\"_blank\" rel=\"noopener\">Produktbrosch\u00fcre (PDF)<\/a><\/span><\/p>\n<p>Zentrifuge.<\/p>\n<p>Die beste Wahl f\u00fcr eine Hochleistungszentrifuge von h\u00f6chster Qualit\u00e4t.<\/p>\n","protected":false},"featured_media":2654,"comment_status":"open","ping_status":"closed","template":"","meta":[],"product_brand":[],"product_cat":[101,102],"product_tag":[],"class_list":{"0":"post-3207","1":"product","2":"type-product","3":"status-publish","4":"has-post-thumbnail","6":"product_cat-life-science-division-de","7":"product_cat-zentrifugen","8":"has-thumb","10":"first","11":"instock","12":"shipping-taxable","13":"product-type-simple"},"_links":{"self":[{"href":"https:\/\/swissvacuum.com\/de\/wp-json\/wp\/v2\/product\/3207","targetHints":{"allow":["GET"]}}],"collection":[{"href":"https:\/\/swissvacuum.com\/de\/wp-json\/wp\/v2\/product"}],"about":[{"href":"https:\/\/swissvacuum.com\/de\/wp-json\/wp\/v2\/types\/product"}],"replies":[{"embeddable":true,"href":"https:\/\/swissvacuum.com\/de\/wp-json\/wp\/v2\/comments?post=3207"}],"wp:featuredmedia":[{"embeddable":true,"href":"https:\/\/swissvacuum.com\/de\/wp-json\/wp\/v2\/media\/2654"}],"wp:attachment":[{"href":"https:\/\/swissvacuum.com\/de\/wp-json\/wp\/v2\/media?parent=3207"}],"wp:term":[{"taxonomy":"product_brand","embeddable":true,"href":"https:\/\/swissvacuum.com\/de\/wp-json\/wp\/v2\/product_brand?post=3207"},{"taxonomy":"product_cat","embeddable":true,"href":"https:\/\/swissvacuum.com\/de\/wp-json\/wp\/v2\/product_cat?post=3207"},{"taxonomy":"product_tag","embeddable":true,"href":"https:\/\/swissvacuum.com\/de\/wp-json\/wp\/v2\/product_tag?post=3207"}],"curies":[{"name":"wp","href":"https:\/\/api.w.org\/{rel}","templated":true}]}}